{"id":805,"date":"2022-04-04T23:42:21","date_gmt":"2022-04-04T21:42:21","guid":{"rendered":"https:\/\/sciphylab.de\/dev-wp-2\/?page_id=805"},"modified":"2026-02-24T11:38:50","modified_gmt":"2026-02-24T10:38:50","slug":"physikalisches-praktikum","status":"publish","type":"page","link":"https:\/\/sciphylab.de\/dev-wp-2\/schuelerlabor\/physikalisches-praktikum\/","title":{"rendered":"Experimentieren auf eigene Faust"},"content":{"rendered":"\n<p>Im SCIphyLAB_Campus stehen F\u00fcr einen Schulbesuch Versuchsaufbauten aus unterschiedlichen physikalischen Themengebieten zur Verf\u00fcgung. Diese k\u00f6nnen genutzt werden, um Unterrichtsinhalte zu vertiefen und dabei auch die vorbereitende Planung von Experimenten und deren anschlie\u00dfende Auswertung in den regul\u00e4ren Unterricht einzubinden. Die Experimentierm\u00f6glichkeiten sind sehr vielf\u00e4ltig:<\/p>\n\n\n\n<p>Versuche zu R\u00f6ntgenstrahlung, geometrischer Optik an Augenmodellen, Hallsonde, Atmung, Radioaktiver Strahlung,&nbsp;optischer Spektroskopie, Bestimmung des Erdmagnetfeldes, Schall, EKG,&nbsp;Blutkreislauf, Photoeffekt, Kondensator sowie zu weiteren Themen sind realisierbar.<\/p>\n\n\n\n<div class=\"wp-block-columns is-layout-flex wp-container-core-columns-layout-1 wp-block-columns-is-layout-flex\">\n<div class=\"wp-block-column is-layout-flow wp-block-column-is-layout-flow\">\n<figure class=\"wp-block-image size-large\"><img loading=\"lazy\" decoding=\"async\" width=\"2521\" height=\"1685\" src=\"https:\/\/sciphylab.de\/dev-wp-2\/wp-content\/uploads\/2022\/05\/eigene_Faust_header-edited.jpg\" alt=\"\" class=\"wp-image-2382\" srcset=\"https:\/\/sciphylab.de\/dev-wp-2\/wp-content\/uploads\/2022\/05\/eigene_Faust_header-edited.jpg 2521w, https:\/\/sciphylab.de\/dev-wp-2\/wp-content\/uploads\/2022\/05\/eigene_Faust_header-edited-300x201.jpg 300w, https:\/\/sciphylab.de\/dev-wp-2\/wp-content\/uploads\/2022\/05\/eigene_Faust_header-edited-1024x684.jpg 1024w, https:\/\/sciphylab.de\/dev-wp-2\/wp-content\/uploads\/2022\/05\/eigene_Faust_header-edited-768x513.jpg 768w, https:\/\/sciphylab.de\/dev-wp-2\/wp-content\/uploads\/2022\/05\/eigene_Faust_header-edited-1536x1027.jpg 1536w, https:\/\/sciphylab.de\/dev-wp-2\/wp-content\/uploads\/2022\/05\/eigene_Faust_header-edited-2048x1369.jpg 2048w\" sizes=\"(max-width: 2521px) 100vw, 2521px\" \/><\/figure>\n<\/div>\n\n\n\n<div class=\"wp-block-column is-layout-flow wp-block-column-is-layout-flow\">\n<figure class=\"wp-block-image size-large\"><img loading=\"lazy\" decoding=\"async\" width=\"2236\" height=\"1491\" src=\"https:\/\/sciphylab.de\/dev-wp-2\/wp-content\/uploads\/2022\/05\/eigene_Faust_Auge-edited.png\" alt=\"\" class=\"wp-image-2387\" srcset=\"https:\/\/sciphylab.de\/dev-wp-2\/wp-content\/uploads\/2022\/05\/eigene_Faust_Auge-edited.png 2236w, https:\/\/sciphylab.de\/dev-wp-2\/wp-content\/uploads\/2022\/05\/eigene_Faust_Auge-edited-300x200.png 300w, https:\/\/sciphylab.de\/dev-wp-2\/wp-content\/uploads\/2022\/05\/eigene_Faust_Auge-edited-1024x683.png 1024w, https:\/\/sciphylab.de\/dev-wp-2\/wp-content\/uploads\/2022\/05\/eigene_Faust_Auge-edited-768x512.png 768w, https:\/\/sciphylab.de\/dev-wp-2\/wp-content\/uploads\/2022\/05\/eigene_Faust_Auge-edited-1536x1024.png 1536w, https:\/\/sciphylab.de\/dev-wp-2\/wp-content\/uploads\/2022\/05\/eigene_Faust_Auge-edited-2048x1366.png 2048w, https:\/\/sciphylab.de\/dev-wp-2\/wp-content\/uploads\/2022\/05\/eigene_Faust_Auge-edited-930x620.png 930w\" sizes=\"(max-width: 2236px) 100vw, 2236px\" \/><\/figure>\n<\/div>\n\n\n\n<div class=\"wp-block-column is-layout-flow wp-block-column-is-layout-flow\">\n<figure class=\"wp-block-image size-large\"><img loading=\"lazy\" decoding=\"async\" width=\"2313\" height=\"1541\" src=\"https:\/\/sciphylab.de\/dev-wp-2\/wp-content\/uploads\/2022\/05\/eigene_Faust_Photoeffekt-edited.png\" alt=\"\" class=\"wp-image-2385\" srcset=\"https:\/\/sciphylab.de\/dev-wp-2\/wp-content\/uploads\/2022\/05\/eigene_Faust_Photoeffekt-edited.png 2313w, https:\/\/sciphylab.de\/dev-wp-2\/wp-content\/uploads\/2022\/05\/eigene_Faust_Photoeffekt-edited-300x200.png 300w, https:\/\/sciphylab.de\/dev-wp-2\/wp-content\/uploads\/2022\/05\/eigene_Faust_Photoeffekt-edited-1024x682.png 1024w, https:\/\/sciphylab.de\/dev-wp-2\/wp-content\/uploads\/2022\/05\/eigene_Faust_Photoeffekt-edited-768x512.png 768w, https:\/\/sciphylab.de\/dev-wp-2\/wp-content\/uploads\/2022\/05\/eigene_Faust_Photoeffekt-edited-1536x1023.png 1536w, https:\/\/sciphylab.de\/dev-wp-2\/wp-content\/uploads\/2022\/05\/eigene_Faust_Photoeffekt-edited-2048x1364.png 2048w, https:\/\/sciphylab.de\/dev-wp-2\/wp-content\/uploads\/2022\/05\/eigene_Faust_Photoeffekt-edited-930x620.png 930w\" sizes=\"(max-width: 2313px) 100vw, 2313px\" \/><\/figure>\n<\/div>\n<\/div>\n\n\n\n<p>Dabei bestimmt die Gr\u00f6\u00dfe der Besuchergruppe (Arbeit in Kleingruppen) die Anzahl der verschiedenen Versuche, die von der Gruppe dann u.U. im Wechsel durchgef\u00fchrt werden. Erg\u00e4nzt wird das Programm gerne durch einen kurzen Vortrag zum Physikstudium an der RWTH Aachen und einen Rundgang \u00fcber das Campus-Gel\u00e4nde. Nat\u00fcrlich werden den Lehrkr\u00e4ften im Vorfeld die zugeh\u00f6rigen&nbsp; Versuchsanleitungen zur Verf\u00fcgung gestellt.<\/p>\n\n\n\n<p>Gemeinsam mit den Lehrkr\u00e4ften erstellen wir ein passendes Versuchsprogramm.<\/p>\n\n\n\n<p><strong>Dauer:<\/strong> 6 Zeitstunden<br><strong>Ort:<\/strong> RWTH Aachen \u2013 I. Physikalisches Institut IA<br><strong>Teilnehmende:<\/strong>\u00a0 f\u00fcr bis zu 30 Teilnehmer m\u00fcssen verschiedene Versuche abgesprochen werden<br><strong>Anforderungen:<\/strong>\u00a0mindestens Jahrgangsstufe 9<br><strong>Studien- und Berufsfelder:<\/strong> Physik<\/p>\n\n\n\n<div class=\"wp-block-cover alignfull\" style=\"min-height:400px\"><span aria-hidden=\"true\" class=\"wp-block-cover__background has-nv-light-bg-background-color has-background-dim-100 has-background-dim\"><\/span><div class=\"wp-block-cover__inner-container is-layout-flow wp-block-cover-is-layout-flow\">\n<div class=\"wp-block-group is-layout-flow wp-block-group-is-layout-flow\"><div class=\"wp-block-group__inner-container\">\n<div class=\"wp-block-columns is-layout-flex wp-container-core-columns-layout-2 wp-block-columns-is-layout-flex\">\n<div class=\"wp-block-column is-vertically-aligned-center is-layout-flow wp-block-column-is-layout-flow\" style=\"flex-basis:60%\">\n<h2 class=\"wp-block-heading has-text-align-left has-neve-text-color-color has-text-color\">Kontakt<\/h2>\n\n\n\n<h3 class=\"wp-block-heading has-text-align-left has-neve-text-color-color has-text-color\">Dr. Christian Salinga<\/h3>\n\n\n\n<p class=\"has-neve-text-color-color has-text-color\">RWTH Aachen<br>Physikzentrum <br>Sommerfeldstra\u00dfe 14 <br>52074 Aachen<br>Tel: +49 (0) 241 80 20313<br>E-Mail:&nbsp;<a href=\"mailto:schuelerlabor@physik.rwth-aachen.de\"><\/a><a href=\"mailto:schuelerlabor@physik.rwth-aachen.de\"><\/a><a href=\"mailto:schuelerlabor@physik.rwth-aachen.de\"><\/a><a href=\"mailto:goertz@physik.rwth-aachen.de\"><\/a><a href=\"mailto:salinga@physik.rwth-aachen.de\">salinga@physik.rwth-aachen.de<\/a><\/p>\n\n\n\n<div class=\"wp-block-buttons is-layout-flex wp-block-buttons-is-layout-flex\">\n<div class=\"wp-block-button\"><a class=\"wp-block-button__link has-nv-c-2-background-color has-background wp-element-button\" href=\"https:\/\/sciphylab.de\/dev-wp-2\/schuelerlabor\/physikalisches-praktikum\/\">Experimentieren auf eigene Faust<\/a><\/div>\n\n\n\n<div class=\"wp-block-button is-style-primary\"><a class=\"wp-block-button__link has-nv-text-dark-bg-color has-nv-c-2-background-color has-text-color has-background wp-element-button\" href=\"https:\/\/sciphylab.de\/dev-wp-2\/schuelerlabor\/lernzirkel-to-go\/\">Lernzirkel to go<\/a><\/div>\n\n\n\n<div class=\"wp-block-button is-style-default\"><a class=\"wp-block-button__link wp-element-button\" href=\"https:\/\/sciphylab.de\/dev-wp-2\/kontakt\/anfahrt\/\">Anfahrt<\/a><\/div>\n<\/div>\n<\/div>\n\n\n\n<div class=\"wp-block-column is-vertically-aligned-bottom is-layout-flow wp-block-column-is-layout-flow\" style=\"flex-basis:40%\"><div class=\"wp-block-image is-style-default\">\n<figure class=\"aligncenter size-full\"><img loading=\"lazy\" decoding=\"async\" width=\"217\" height=\"290\" src=\"https:\/\/sciphylab.de\/dev-wp-2\/wp-content\/uploads\/2022\/04\/ChristianSalinga-edited.jpg\" alt=\"\" class=\"wp-image-416\"\/><\/figure><\/div><\/div>\n<\/div>\n<\/div><\/div>\n<\/div><\/div>\n","protected":false},"excerpt":{"rendered":"<p>Im SCIphyLAB_Campus stehen F\u00fcr einen Schulbesuch Versuchsaufbauten aus unterschiedlichen physikalischen Themengebieten zur Verf\u00fcgung. Diese k\u00f6nnen genutzt werden, um Unterrichtsinhalte zu vertiefen und dabei auch die vorbereitende Planung von Experimenten und deren anschlie\u00dfende Auswertung in den regul\u00e4ren Unterricht einzubinden. Die Experimentierm\u00f6glichkeiten sind sehr vielf\u00e4ltig: Versuche zu R\u00f6ntgenstrahlung, geometrischer Optik an Augenmodellen, Hallsonde, Atmung, Radioaktiver Strahlung,&nbsp;optischer Spektroskopie,&hellip;&nbsp;<a href=\"https:\/\/sciphylab.de\/dev-wp-2\/schuelerlabor\/physikalisches-praktikum\/\" class=\"\" rel=\"bookmark\">Weiterlesen &raquo;<span class=\"screen-reader-text\">Experimentieren auf eigene Faust<\/span><\/a><\/p>\n","protected":false},"author":4,"featured_media":808,"parent":68,"menu_order":0,"comment_status":"closed","ping_status":"closed","template":"","meta":{"neve_meta_sidebar":"","neve_meta_container":"","neve_meta_enable_content_width":"on","neve_meta_content_width":100,"neve_meta_title_alignment":"","neve_meta_author_avatar":"","neve_post_elements_order":"","neve_meta_disable_header":"","neve_meta_disable_footer":"","neve_meta_disable_title":"","footnotes":""},"_links":{"self":[{"href":"https:\/\/sciphylab.de\/dev-wp-2\/wp-json\/wp\/v2\/pages\/805"}],"collection":[{"href":"https:\/\/sciphylab.de\/dev-wp-2\/wp-json\/wp\/v2\/pages"}],"about":[{"href":"https:\/\/sciphylab.de\/dev-wp-2\/wp-json\/wp\/v2\/types\/page"}],"author":[{"embeddable":true,"href":"https:\/\/sciphylab.de\/dev-wp-2\/wp-json\/wp\/v2\/users\/4"}],"replies":[{"embeddable":true,"href":"https:\/\/sciphylab.de\/dev-wp-2\/wp-json\/wp\/v2\/comments?post=805"}],"version-history":[{"count":11,"href":"https:\/\/sciphylab.de\/dev-wp-2\/wp-json\/wp\/v2\/pages\/805\/revisions"}],"predecessor-version":[{"id":5959,"href":"https:\/\/sciphylab.de\/dev-wp-2\/wp-json\/wp\/v2\/pages\/805\/revisions\/5959"}],"up":[{"embeddable":true,"href":"https:\/\/sciphylab.de\/dev-wp-2\/wp-json\/wp\/v2\/pages\/68"}],"wp:featuredmedia":[{"embeddable":true,"href":"https:\/\/sciphylab.de\/dev-wp-2\/wp-json\/wp\/v2\/media\/808"}],"wp:attachment":[{"href":"https:\/\/sciphylab.de\/dev-wp-2\/wp-json\/wp\/v2\/media?parent=805"}],"curies":[{"name":"wp","href":"https:\/\/api.w.org\/{rel}","templated":true}]}}