{"id":720,"date":"2022-04-04T20:28:05","date_gmt":"2022-04-04T18:28:05","guid":{"rendered":"https:\/\/sciphylab.de\/dev-wp-2\/?page_id=720"},"modified":"2022-05-12T15:00:23","modified_gmt":"2022-05-12T13:00:23","slug":"unterrichtseinsatz","status":"publish","type":"page","link":"https:\/\/sciphylab.de\/dev-wp-2\/flexkom\/unterrichtseinsatz\/","title":{"rendered":"Unterrichtseinsatz"},"content":{"rendered":"\n<p>Die FLexKom-Module aus der Modulliste bieten verschiedene Einsatzm\u00f6glichkeiten, sodass eine Flexibilit\u00e4t gew\u00e4hrleistet ist.<\/p>\n\n\n\n<div class=\"wp-block-image\"><figure class=\"aligncenter size-full is-resized\"><img loading=\"lazy\" decoding=\"async\" src=\"https:\/\/sciphylab.de\/dev-wp-2\/wp-content\/uploads\/2022\/04\/Einsatzmoeglichkeiten.jpg\" alt=\"\" class=\"wp-image-706\" width=\"576\" height=\"221\" srcset=\"https:\/\/sciphylab.de\/dev-wp-2\/wp-content\/uploads\/2022\/04\/Einsatzmoeglichkeiten.jpg 768w, https:\/\/sciphylab.de\/dev-wp-2\/wp-content\/uploads\/2022\/04\/Einsatzmoeglichkeiten-300x115.jpg 300w\" sizes=\"(max-width: 576px) 100vw, 576px\" \/><\/figure><\/div>\n\n\n\n<p>Zum Einen k\u00f6nnen die Module einzeln in Unterrichtssequenzen oder ausgedehnt in einer Unterrichtsstunde thematisiert werden. Zum Anderen k\u00f6nnen mehrere Module als Lernzirkel in den Unterricht integriert werden. Ein solcher Lernzirkel kann individuell an die Lerngruppe angepasst werden. F\u00fcr den Lernzirkeleinsatz gibt es verschiedene Umsetzungsm\u00f6glichkeiten. Da viele Schulen auch schon ein 60-Min-Stundenraster verfolgen, ergeben sich weitere Freir\u00e4ume in der Umsetzung. <\/p>\n\n\n\n<div style=\"height:100px\" aria-hidden=\"true\" class=\"wp-block-spacer\"><\/div>\n\n\n\n<div class=\"wp-block-cover alignfull\" style=\"min-height:400px\"><span aria-hidden=\"true\" class=\"has-nv-text-dark-bg-background-color has-background-dim-100 wp-block-cover__gradient-background has-background-dim\"><\/span><div class=\"wp-block-cover__inner-container is-layout-flow wp-block-cover-is-layout-flow\">\n<div class=\"wp-block-group is-layout-flow wp-block-group-is-layout-flow\"><div class=\"wp-block-group__inner-container\">\n<div style=\"height:40px\" aria-hidden=\"true\" class=\"wp-block-spacer\"><\/div>\n\n\n\n<div class=\"wp-block-columns are-vertically-aligned-center is-layout-flex wp-container-core-columns-layout-1 wp-block-columns-is-layout-flex\">\n<div class=\"wp-block-column is-vertically-aligned-center is-layout-flow wp-block-column-is-layout-flow\" style=\"flex-basis:70%\">\n<h3 class=\"has-text-align-left has-neve-text-color-color has-text-color wp-block-heading\">M\u00f6glichkeit 1<\/h3>\n\n\n\n<h4 class=\"has-text-align-left has-neve-text-color-color has-text-color wp-block-heading\">Lerngruppe mit max. 30 SuS<\/h4>\n\n\n\n<p class=\"has-text-align-left has-neve-text-color-color has-text-color\" style=\"font-size:17px\">5 Stationen doppelt aufbauen (f\u00fcr je 3 SuS)<em><br><\/em>\u2192 Kapazit\u00e4t: max. 30 SuS<\/p>\n\n\n\n<p class=\"has-neve-text-color-color has-text-color\">Minimale Zeitvorgabe pro Station: 8 min<br>\u2192 Minimale Gesamtzeit: 45 min<\/p>\n\n\n\n<div style=\"height:20px\" aria-hidden=\"true\" class=\"wp-block-spacer\"><\/div>\n<\/div>\n\n\n\n<div class=\"wp-block-column is-vertically-aligned-center is-layout-flow wp-block-column-is-layout-flow\" style=\"flex-basis:30%\">\n<figure class=\"wp-block-image size-large\"><img loading=\"lazy\" decoding=\"async\" width=\"544\" height=\"1024\" src=\"https:\/\/sciphylab.de\/dev-wp-2\/wp-content\/uploads\/2022\/04\/flexkom_moeglichkeit1-544x1024.jpg\" alt=\"\" class=\"wp-image-709\" srcset=\"https:\/\/sciphylab.de\/dev-wp-2\/wp-content\/uploads\/2022\/04\/flexkom_moeglichkeit1-544x1024.jpg 544w, https:\/\/sciphylab.de\/dev-wp-2\/wp-content\/uploads\/2022\/04\/flexkom_moeglichkeit1-159x300.jpg 159w, https:\/\/sciphylab.de\/dev-wp-2\/wp-content\/uploads\/2022\/04\/flexkom_moeglichkeit1.jpg 572w\" sizes=\"(max-width: 544px) 100vw, 544px\" \/><\/figure>\n<\/div>\n<\/div>\n\n\n\n<div style=\"height:20px\" aria-hidden=\"true\" class=\"wp-block-spacer\"><\/div>\n<\/div><\/div>\n<\/div><\/div>\n\n\n\n<div class=\"wp-block-cover alignfull\" style=\"min-height:400px\"><span aria-hidden=\"true\" class=\"has-nv-text-dark-bg-background-color has-background-dim-100 wp-block-cover__gradient-background has-background-dim\"><\/span><div class=\"wp-block-cover__inner-container is-layout-flow wp-block-cover-is-layout-flow\">\n<div class=\"wp-block-group is-layout-flow wp-block-group-is-layout-flow\"><div class=\"wp-block-group__inner-container\">\n<div style=\"height:40px\" aria-hidden=\"true\" class=\"wp-block-spacer\"><\/div>\n\n\n\n<div class=\"wp-block-columns are-vertically-aligned-center is-layout-flex wp-container-core-columns-layout-2 wp-block-columns-is-layout-flex\">\n<div class=\"wp-block-column is-vertically-aligned-center is-layout-flow wp-block-column-is-layout-flow\" style=\"flex-basis:30%\">\n<figure class=\"wp-block-image size-full\"><img loading=\"lazy\" decoding=\"async\" width=\"572\" height=\"916\" src=\"https:\/\/sciphylab.de\/dev-wp-2\/wp-content\/uploads\/2022\/04\/flexkom_moeglichkeit2.jpg\" alt=\"\" class=\"wp-image-763\" srcset=\"https:\/\/sciphylab.de\/dev-wp-2\/wp-content\/uploads\/2022\/04\/flexkom_moeglichkeit2.jpg 572w, https:\/\/sciphylab.de\/dev-wp-2\/wp-content\/uploads\/2022\/04\/flexkom_moeglichkeit2-187x300.jpg 187w\" sizes=\"(max-width: 572px) 100vw, 572px\" \/><\/figure>\n<\/div>\n\n\n\n<div class=\"wp-block-column is-layout-flow wp-block-column-is-layout-flow\" style=\"flex-basis:10%\">\n<div style=\"height:10px\" aria-hidden=\"true\" class=\"wp-block-spacer\"><\/div>\n<\/div>\n\n\n\n<div class=\"wp-block-column is-vertically-aligned-center is-layout-flow wp-block-column-is-layout-flow\" style=\"flex-basis:60%\">\n<h3 class=\"has-text-align-left has-neve-text-color-color has-text-color wp-block-heading\">M\u00f6glichkeit 2<\/h3>\n\n\n\n<h4 class=\"has-text-align-left has-neve-text-color-color has-text-color wp-block-heading\">Lerngruppe mit max. 24 SuS<\/h4>\n\n\n\n<p class=\"has-text-align-left has-neve-text-color-color has-text-color\" style=\"font-size:17px\">4 Stationen doppelt aufbauen (f\u00fcr je 3 SuS)<em><br><\/em>\u2192 Kapazit\u00e4t: max. 24 SuS<\/p>\n\n\n\n<p class=\"has-neve-text-color-color has-text-color\">Minimale Zeitvorgabe pro Station: 10 min<br>\u2192 Minimale Gesamtzeit: 45 min<\/p>\n\n\n\n<div style=\"height:20px\" aria-hidden=\"true\" class=\"wp-block-spacer\"><\/div>\n<\/div>\n<\/div>\n\n\n\n<div style=\"height:20px\" aria-hidden=\"true\" class=\"wp-block-spacer\"><\/div>\n<\/div><\/div>\n<\/div><\/div>\n\n\n\n<div class=\"wp-block-cover alignfull\" style=\"min-height:400px\"><span aria-hidden=\"true\" class=\"has-nv-text-dark-bg-background-color has-background-dim-100 wp-block-cover__gradient-background has-background-dim\"><\/span><div class=\"wp-block-cover__inner-container is-layout-flow wp-block-cover-is-layout-flow\">\n<div class=\"wp-block-group is-layout-flow wp-block-group-is-layout-flow\"><div class=\"wp-block-group__inner-container\">\n<div style=\"height:40px\" aria-hidden=\"true\" class=\"wp-block-spacer\"><\/div>\n\n\n\n<div class=\"wp-block-columns are-vertically-aligned-center is-layout-flex wp-container-core-columns-layout-3 wp-block-columns-is-layout-flex\">\n<div class=\"wp-block-column is-vertically-aligned-center is-layout-flow wp-block-column-is-layout-flow\" style=\"flex-basis:70%\">\n<h3 class=\"has-text-align-left has-neve-text-color-color has-text-color wp-block-heading\">M\u00f6glichkeit 3<\/h3>\n\n\n\n<h4 class=\"has-text-align-left has-neve-text-color-color has-text-color wp-block-heading\">mit Differenzierung mit max. 27 SuS<\/h4>\n\n\n\n<p class=\"has-neve-text-color-color has-text-color\">Klasse parit\u00e4tisch in leistungsstarke und leistungsschw\u00e4chere SuS aufteilen<\/p>\n\n\n\n<p class=\"has-text-align-left has-neve-text-color-color has-text-color\" style=\"font-size:17px\">5 Stationen f\u00fcr Leistungsstarke (f\u00fcr je 3 SuS)<br>4 Stationen f\u00fcr Leistungsschw\u00e4chere (f\u00fcr je 3 SuS)<br>\u2192 Kapazit\u00e4t: max. 27 SuS<\/p>\n\n\n\n<p class=\"has-neve-text-color-color has-text-color\">Minimale Zeitvorgabe pro Station: <br>8 min f\u00fcr Leistungsstarke<br>10 min f\u00fcr Leistungsschw\u00e4chere<br>\u2192 Minimale Gesamtzeit: 45 min<\/p>\n\n\n\n<div style=\"height:20px\" aria-hidden=\"true\" class=\"wp-block-spacer\"><\/div>\n<\/div>\n\n\n\n<div class=\"wp-block-column is-vertically-aligned-center is-layout-flow wp-block-column-is-layout-flow\" style=\"flex-basis:30%\">\n<figure class=\"wp-block-image size-large\"><img loading=\"lazy\" decoding=\"async\" width=\"544\" height=\"1024\" src=\"https:\/\/sciphylab.de\/dev-wp-2\/wp-content\/uploads\/2022\/04\/flexkom_moeglichkeit3-544x1024.jpg\" alt=\"\" class=\"wp-image-764\" srcset=\"https:\/\/sciphylab.de\/dev-wp-2\/wp-content\/uploads\/2022\/04\/flexkom_moeglichkeit3-544x1024.jpg 544w, https:\/\/sciphylab.de\/dev-wp-2\/wp-content\/uploads\/2022\/04\/flexkom_moeglichkeit3-159x300.jpg 159w, https:\/\/sciphylab.de\/dev-wp-2\/wp-content\/uploads\/2022\/04\/flexkom_moeglichkeit3.jpg 572w\" sizes=\"(max-width: 544px) 100vw, 544px\" \/><\/figure>\n<\/div>\n<\/div>\n\n\n\n<div style=\"height:20px\" aria-hidden=\"true\" class=\"wp-block-spacer\"><\/div>\n<\/div><\/div>\n<\/div><\/div>\n","protected":false},"excerpt":{"rendered":"<p>Die FLexKom-Module aus der Modulliste bieten verschiedene Einsatzm\u00f6glichkeiten, sodass eine Flexibilit\u00e4t gew\u00e4hrleistet ist. Zum Einen k\u00f6nnen die Module einzeln in Unterrichtssequenzen oder ausgedehnt in einer Unterrichtsstunde thematisiert werden. Zum Anderen k\u00f6nnen mehrere Module als Lernzirkel in den Unterricht integriert werden. Ein solcher Lernzirkel kann individuell an die Lerngruppe angepasst werden. F\u00fcr den Lernzirkeleinsatz gibt es&hellip;&nbsp;<a href=\"https:\/\/sciphylab.de\/dev-wp-2\/flexkom\/unterrichtseinsatz\/\" class=\"\" rel=\"bookmark\">Weiterlesen &raquo;<span class=\"screen-reader-text\">Unterrichtseinsatz<\/span><\/a><\/p>\n","protected":false},"author":4,"featured_media":2580,"parent":69,"menu_order":0,"comment_status":"closed","ping_status":"closed","template":"","meta":{"neve_meta_sidebar":"","neve_meta_container":"","neve_meta_enable_content_width":"on","neve_meta_content_width":100,"neve_meta_title_alignment":"","neve_meta_author_avatar":"","neve_post_elements_order":"","neve_meta_disable_header":"","neve_meta_disable_footer":"","neve_meta_disable_title":"","footnotes":""},"_links":{"self":[{"href":"https:\/\/sciphylab.de\/dev-wp-2\/wp-json\/wp\/v2\/pages\/720"}],"collection":[{"href":"https:\/\/sciphylab.de\/dev-wp-2\/wp-json\/wp\/v2\/pages"}],"about":[{"href":"https:\/\/sciphylab.de\/dev-wp-2\/wp-json\/wp\/v2\/types\/page"}],"author":[{"embeddable":true,"href":"https:\/\/sciphylab.de\/dev-wp-2\/wp-json\/wp\/v2\/users\/4"}],"replies":[{"embeddable":true,"href":"https:\/\/sciphylab.de\/dev-wp-2\/wp-json\/wp\/v2\/comments?post=720"}],"version-history":[{"count":15,"href":"https:\/\/sciphylab.de\/dev-wp-2\/wp-json\/wp\/v2\/pages\/720\/revisions"}],"predecessor-version":[{"id":2161,"href":"https:\/\/sciphylab.de\/dev-wp-2\/wp-json\/wp\/v2\/pages\/720\/revisions\/2161"}],"up":[{"embeddable":true,"href":"https:\/\/sciphylab.de\/dev-wp-2\/wp-json\/wp\/v2\/pages\/69"}],"wp:featuredmedia":[{"embeddable":true,"href":"https:\/\/sciphylab.de\/dev-wp-2\/wp-json\/wp\/v2\/media\/2580"}],"wp:attachment":[{"href":"https:\/\/sciphylab.de\/dev-wp-2\/wp-json\/wp\/v2\/media?parent=720"}],"curies":[{"name":"wp","href":"https:\/\/api.w.org\/{rel}","templated":true}]}}