{"id":69,"date":"2022-04-02T01:40:48","date_gmt":"2022-04-01T23:40:48","guid":{"rendered":"https:\/\/sciphylab.de\/dev-wp-2\/?page_id=69"},"modified":"2025-10-30T12:08:15","modified_gmt":"2025-10-30T11:08:15","slug":"flexkom","status":"publish","type":"page","link":"https:\/\/sciphylab.de\/dev-wp-2\/flexkom\/","title":{"rendered":"Plattform FLexKom"},"content":{"rendered":"\n<div class=\"wp-block-cover alignfull\" style=\"min-height:400px\"><span aria-hidden=\"true\" class=\"wp-block-cover__background has-nv-site-bg-background-color has-background-dim-100 has-background-dim\"><\/span><div class=\"wp-block-cover__inner-container is-layout-flow wp-block-cover-is-layout-flow\">\n<div class=\"wp-block-group is-layout-flow wp-block-group-is-layout-flow\"><div class=\"wp-block-group__inner-container\">\n<div style=\"height:40px\" aria-hidden=\"true\" class=\"wp-block-spacer\"><\/div>\n\n\n\n<div class=\"wp-block-columns are-vertically-aligned-center is-layout-flex wp-container-core-columns-layout-1 wp-block-columns-is-layout-flex\">\n<div class=\"wp-block-column is-vertically-aligned-center is-layout-flow wp-block-column-is-layout-flow\" style=\"flex-basis:70%\">\n<h3 class=\"wp-block-heading has-text-align-left has-neve-text-color-color has-text-color\">Die Plattform<\/h3>\n\n\n\n<p class=\"has-text-align-left has-neve-text-color-color has-text-color\" style=\"font-size:17px\">FLexKom (\u201e<strong>F<\/strong>\u00f6rdern und <strong>L<\/strong>ernen <strong>ex<\/strong>perimenteller <strong>Kom<\/strong>petenzen\u201c) ist eine Plattform mit Arbeitsmaterialien f\u00fcr Lehrerinnen und Lehrer. Diese Plattform bildet den Ausgangspunkt verschiedenster Unterrichtsmaterialien zu experimentellen Kompetenzen.<\/p>\n\n\n\n<div class=\"wp-block-buttons is-content-justification-left is-layout-flex wp-container-core-buttons-layout-1 wp-block-buttons-is-layout-flex\"><\/div>\n\n\n\n<div style=\"height:20px\" aria-hidden=\"true\" class=\"wp-block-spacer\"><\/div>\n<\/div>\n\n\n\n<div class=\"wp-block-column is-vertically-aligned-center is-layout-flow wp-block-column-is-layout-flow\" style=\"flex-basis:30%\">\n<figure class=\"wp-block-image size-full is-resized\"><img loading=\"lazy\" decoding=\"async\" width=\"2222\" height=\"1091\" src=\"https:\/\/sciphylab.de\/dev-wp-2\/wp-content\/uploads\/2022\/04\/flexkom_logo.png\" alt=\"\" class=\"wp-image-918\" style=\"width:400px;height:196px\" srcset=\"https:\/\/sciphylab.de\/dev-wp-2\/wp-content\/uploads\/2022\/04\/flexkom_logo.png 2222w, https:\/\/sciphylab.de\/dev-wp-2\/wp-content\/uploads\/2022\/04\/flexkom_logo-300x147.png 300w, https:\/\/sciphylab.de\/dev-wp-2\/wp-content\/uploads\/2022\/04\/flexkom_logo-1024x503.png 1024w, https:\/\/sciphylab.de\/dev-wp-2\/wp-content\/uploads\/2022\/04\/flexkom_logo-768x377.png 768w, https:\/\/sciphylab.de\/dev-wp-2\/wp-content\/uploads\/2022\/04\/flexkom_logo-1536x754.png 1536w, https:\/\/sciphylab.de\/dev-wp-2\/wp-content\/uploads\/2022\/04\/flexkom_logo-2048x1006.png 2048w\" sizes=\"(max-width: 2222px) 100vw, 2222px\" \/><\/figure>\n<\/div>\n<\/div>\n\n\n\n<div style=\"height:20px\" aria-hidden=\"true\" class=\"wp-block-spacer\"><\/div>\n<\/div><\/div>\n<\/div><\/div>\n\n\n\n<div class=\"wp-block-cover alignfull\" style=\"min-height:400px\"><span aria-hidden=\"true\" class=\"wp-block-cover__background has-nv-text-dark-bg-background-color has-background-dim-100 has-background-dim\"><\/span><div class=\"wp-block-cover__inner-container is-layout-flow wp-block-cover-is-layout-flow\">\n<div class=\"wp-block-group is-layout-flow wp-block-group-is-layout-flow\"><div class=\"wp-block-group__inner-container\">\n<div style=\"height:40px\" aria-hidden=\"true\" class=\"wp-block-spacer\"><\/div>\n\n\n\n<div class=\"wp-block-columns are-vertically-aligned-center is-layout-flex wp-container-core-columns-layout-2 wp-block-columns-is-layout-flex\">\n<div class=\"wp-block-column is-vertically-aligned-center is-layout-flow wp-block-column-is-layout-flow\" style=\"flex-basis:30%\">\n<figure class=\"wp-block-image size-large\"><img loading=\"lazy\" decoding=\"async\" width=\"1024\" height=\"645\" src=\"https:\/\/sciphylab.de\/dev-wp-2\/wp-content\/uploads\/2022\/04\/Beispiel1-1024x645.jpg\" alt=\"\" class=\"wp-image-684\" srcset=\"https:\/\/sciphylab.de\/dev-wp-2\/wp-content\/uploads\/2022\/04\/Beispiel1-1024x645.jpg 1024w, https:\/\/sciphylab.de\/dev-wp-2\/wp-content\/uploads\/2022\/04\/Beispiel1-300x189.jpg 300w, https:\/\/sciphylab.de\/dev-wp-2\/wp-content\/uploads\/2022\/04\/Beispiel1-768x483.jpg 768w, https:\/\/sciphylab.de\/dev-wp-2\/wp-content\/uploads\/2022\/04\/Beispiel1-1536x967.jpg 1536w, https:\/\/sciphylab.de\/dev-wp-2\/wp-content\/uploads\/2022\/04\/Beispiel1.jpg 1897w\" sizes=\"(max-width: 1024px) 100vw, 1024px\" \/><\/figure>\n<\/div>\n\n\n\n<div class=\"wp-block-column is-vertically-aligned-center is-layout-flow wp-block-column-is-layout-flow\" style=\"flex-basis:70%\">\n<h3 class=\"wp-block-heading has-text-align-left has-neve-text-color-color has-text-color\">FLexKom-Modell<\/h3>\n\n\n\n<p class=\"has-text-align-left has-neve-text-color-color has-text-color\" style=\"font-size:17px\">Ziel von FLexKom ist es, methodische Kompetenzen explizit in den Unterricht zu integrieren und damit wichtige neue Erkenntnisse vermitteln zu k\u00f6nnen.<\/p>\n\n\n\n<p class=\"has-neve-text-color-color has-text-color\">Jedes Modul wird durch das FLexKom-Modell in ein F\u00e4higkeitsraster eingeordnet, damit eine \u00dcbersicht \u00fcber die gef\u00f6rderte Kompetenz, aber auch \u00fcber weitere m\u00f6gliche experimentelle Kompetenzen gegeben ist. <\/p>\n\n\n\n<div class=\"wp-block-buttons is-content-justification-left is-layout-flex wp-container-core-buttons-layout-2 wp-block-buttons-is-layout-flex\">\n<div class=\"wp-block-button is-style-primary\"><a class=\"wp-block-button__link wp-element-button\" href=\"https:\/\/sciphylab.de\/dev-wp-2\/flexkom\/flexkom-modell\/\">LIES MEHR<\/a><\/div>\n<\/div>\n\n\n\n<div style=\"height:20px\" aria-hidden=\"true\" class=\"wp-block-spacer\"><\/div>\n<\/div>\n<\/div>\n\n\n\n<div style=\"height:20px\" aria-hidden=\"true\" class=\"wp-block-spacer\"><\/div>\n<\/div><\/div>\n<\/div><\/div>\n\n\n\n<div class=\"wp-block-cover alignfull\" style=\"min-height:400px\"><span aria-hidden=\"true\" class=\"wp-block-cover__background has-neve-link-hover-color-background-color has-background-dim-100 has-background-dim\"><\/span><div class=\"wp-block-cover__inner-container is-layout-flow wp-block-cover-is-layout-flow\">\n<div class=\"wp-block-group is-layout-flow wp-block-group-is-layout-flow\"><div class=\"wp-block-group__inner-container\">\n<div style=\"height:40px\" aria-hidden=\"true\" class=\"wp-block-spacer\"><\/div>\n\n\n\n<div class=\"wp-block-columns are-vertically-aligned-center is-layout-flex wp-container-core-columns-layout-3 wp-block-columns-is-layout-flex\">\n<div class=\"wp-block-column is-vertically-aligned-center is-layout-flow wp-block-column-is-layout-flow\" style=\"flex-basis:60%\">\n<h3 class=\"wp-block-heading has-text-align-left has-neve-text-color-color has-text-color\">Download der Materialien<\/h3>\n\n\n\n<p class=\"has-text-align-left has-neve-text-color-color has-text-color\" style=\"font-size:17px\">Die Module stehen mit s\u00e4mtlichen Materialien in der Modulliste zum Download bereit. Folgende Materialien stehen zu jedem Modul zur Verf\u00fcgung:<\/p>\n\n\n\n<ul class=\"has-neve-text-color-color has-text-color\">\n<li>Arbeitsblatt f\u00fcr die Sch\u00fclerinnen und Sch\u00fcler<\/li>\n\n\n\n<li>Lehrerhandreichung<\/li>\n<\/ul>\n\n\n\n<p class=\"has-neve-text-color-color has-text-color\">Dar\u00fcber hinaus werden je nach Modul noch&nbsp;weitere Materialien angeboten.<\/p>\n\n\n\n<div class=\"wp-block-buttons is-content-justification-left is-layout-flex wp-container-core-buttons-layout-3 wp-block-buttons-is-layout-flex\">\n<div class=\"wp-block-button is-style-default\"><a class=\"wp-block-button__link wp-element-button\" href=\"https:\/\/sciphylab.de\/dev-wp-2\/flexkom\/materialien\/\">WEITER ZUM DOWNLOAD-BEREICH<\/a><\/div>\n<\/div>\n\n\n\n<div style=\"height:20px\" aria-hidden=\"true\" class=\"wp-block-spacer\"><\/div>\n<\/div>\n\n\n\n<div class=\"wp-block-column is-vertically-aligned-center is-layout-flow wp-block-column-is-layout-flow\" style=\"flex-basis:40%\">\n<figure class=\"wp-block-image size-full is-resized\"><img loading=\"lazy\" decoding=\"async\" width=\"2672\" height=\"2154\" src=\"https:\/\/sciphylab.de\/dev-wp-2\/wp-content\/uploads\/2022\/04\/flexkom_AB_Bilder.png\" alt=\"\" class=\"wp-image-912\" style=\"width:496px;height:400px\" srcset=\"https:\/\/sciphylab.de\/dev-wp-2\/wp-content\/uploads\/2022\/04\/flexkom_AB_Bilder.png 2672w, https:\/\/sciphylab.de\/dev-wp-2\/wp-content\/uploads\/2022\/04\/flexkom_AB_Bilder-300x242.png 300w, https:\/\/sciphylab.de\/dev-wp-2\/wp-content\/uploads\/2022\/04\/flexkom_AB_Bilder-1024x825.png 1024w, https:\/\/sciphylab.de\/dev-wp-2\/wp-content\/uploads\/2022\/04\/flexkom_AB_Bilder-768x619.png 768w, https:\/\/sciphylab.de\/dev-wp-2\/wp-content\/uploads\/2022\/04\/flexkom_AB_Bilder-1536x1238.png 1536w, https:\/\/sciphylab.de\/dev-wp-2\/wp-content\/uploads\/2022\/04\/flexkom_AB_Bilder-2048x1651.png 2048w\" sizes=\"(max-width: 2672px) 100vw, 2672px\" \/><\/figure>\n<\/div>\n<\/div>\n\n\n\n<div style=\"height:20px\" aria-hidden=\"true\" class=\"wp-block-spacer\"><\/div>\n<\/div><\/div>\n<\/div><\/div>\n\n\n\n<div class=\"wp-block-cover alignfull\" style=\"min-height:400px\"><span aria-hidden=\"true\" class=\"wp-block-cover__background has-nv-text-dark-bg-background-color has-background-dim-100 has-background-dim\"><\/span><div class=\"wp-block-cover__inner-container is-layout-flow wp-block-cover-is-layout-flow\">\n<div class=\"wp-block-group is-layout-flow wp-block-group-is-layout-flow\"><div class=\"wp-block-group__inner-container\">\n<div style=\"height:40px\" aria-hidden=\"true\" class=\"wp-block-spacer\"><\/div>\n\n\n\n<div class=\"wp-block-columns are-vertically-aligned-center is-layout-flex wp-container-core-columns-layout-4 wp-block-columns-is-layout-flex\">\n<div class=\"wp-block-column is-vertically-aligned-center is-layout-flow wp-block-column-is-layout-flow\" style=\"flex-basis:30%\">\n<figure class=\"wp-block-image size-full is-resized\"><img loading=\"lazy\" decoding=\"async\" width=\"572\" height=\"1077\" src=\"https:\/\/sciphylab.de\/dev-wp-2\/wp-content\/uploads\/2022\/04\/flexkom_moeglichkeit1.jpg\" alt=\"\" class=\"wp-image-709\" style=\"width:212px;height:400px\" srcset=\"https:\/\/sciphylab.de\/dev-wp-2\/wp-content\/uploads\/2022\/04\/flexkom_moeglichkeit1.jpg 572w, https:\/\/sciphylab.de\/dev-wp-2\/wp-content\/uploads\/2022\/04\/flexkom_moeglichkeit1-159x300.jpg 159w, https:\/\/sciphylab.de\/dev-wp-2\/wp-content\/uploads\/2022\/04\/flexkom_moeglichkeit1-544x1024.jpg 544w\" sizes=\"(max-width: 572px) 100vw, 572px\" \/><\/figure>\n<\/div>\n\n\n\n<div class=\"wp-block-column is-vertically-aligned-center is-layout-flow wp-block-column-is-layout-flow\" style=\"flex-basis:70%\">\n<h3 class=\"wp-block-heading has-text-align-left has-neve-text-color-color has-text-color\">Unterrichtseinsatz<\/h3>\n\n\n\n<p class=\"has-text-align-left has-neve-text-color-color has-text-color\" style=\"font-size:17px\">Die FLexKom-Module aus der Modulliste bieten verschiedene Einsatzm\u00f6glichkeiten, sodass eine Flexibilit\u00e4t gew\u00e4hrleistet ist. Dabei k\u00f6nnen einzelne Module oder mehrere Module als Lernzirkel in den Unterricht integriert werden.<\/p>\n\n\n\n<div class=\"wp-block-buttons is-content-justification-left is-layout-flex wp-container-core-buttons-layout-4 wp-block-buttons-is-layout-flex\">\n<div class=\"wp-block-button is-style-primary\"><a class=\"wp-block-button__link wp-element-button\" href=\"https:\/\/sciphylab.de\/dev-wp-2\/flexkom\/unterrichtseinsatz\/\">ERFAHRE MEHR<\/a><\/div>\n<\/div>\n\n\n\n<div style=\"height:20px\" aria-hidden=\"true\" class=\"wp-block-spacer\"><\/div>\n<\/div>\n<\/div>\n\n\n\n<div style=\"height:20px\" aria-hidden=\"true\" class=\"wp-block-spacer\"><\/div>\n<\/div><\/div>\n<\/div><\/div>\n\n\n\n<div class=\"wp-block-cover alignfull\" style=\"min-height:400px\"><span aria-hidden=\"true\" class=\"wp-block-cover__background has-nv-dark-bg-background-color has-background-dim-100 has-background-dim\"><\/span><div class=\"wp-block-cover__inner-container is-layout-flow wp-block-cover-is-layout-flow\">\n<div class=\"wp-block-group is-layout-flow wp-block-group-is-layout-flow\"><div class=\"wp-block-group__inner-container\">\n<div style=\"height:40px\" aria-hidden=\"true\" class=\"wp-block-spacer\"><\/div>\n\n\n\n<div class=\"wp-block-columns are-vertically-aligned-center is-layout-flex wp-container-core-columns-layout-5 wp-block-columns-is-layout-flex\">\n<div class=\"wp-block-column is-vertically-aligned-center is-layout-flow wp-block-column-is-layout-flow\" style=\"flex-basis:70%\">\n<h3 class=\"wp-block-heading has-text-align-left\">NEU: FLexcape Game<\/h3>\n\n\n\n<p class=\"has-text-align-left\" style=\"font-size:17px\">Spannende\/Interessante R\u00e4tsel und physikalische Experimente? &#8211; Das Flexcape Game vereint die Charakteristika eines Escape Games mit der F\u00f6rderung experimenteller Kompetenzen im Physikunterricht. Ob ein vergifteter Physiklehrer, der gerettet werden muss, oder Detektive, die bei einem r\u00e4tselhaften Koffer Hilfe brauchen. Das Ziel ist das Gleiche &#8211; den Koffer \u00f6ffnen, bevor der Countdown abl\u00e4uft \u2026<\/p>\n\n\n\n<div class=\"wp-block-buttons is-content-justification-left is-layout-flex wp-container-core-buttons-layout-5 wp-block-buttons-is-layout-flex\">\n<div class=\"wp-block-button is-style-primary\"><a class=\"wp-block-button__link wp-element-button\" href=\"https:\/\/sciphylab.de\/dev-wp-2\/flexkom\/flexcape-game\/\">MEHR \u00dcBER DAS ESCAPE GAME<\/a><\/div>\n<\/div>\n\n\n\n<div style=\"height:20px\" aria-hidden=\"true\" class=\"wp-block-spacer\"><\/div>\n<\/div>\n\n\n\n<div class=\"wp-block-column is-vertically-aligned-center is-layout-flow wp-block-column-is-layout-flow\" style=\"flex-basis:30%\">\n<figure class=\"wp-block-image size-full\"><img loading=\"lazy\" decoding=\"async\" width=\"821\" height=\"572\" src=\"https:\/\/sciphylab.de\/dev-wp-2\/wp-content\/uploads\/2022\/04\/Koffer_neu.png\" alt=\"\" class=\"wp-image-988\" srcset=\"https:\/\/sciphylab.de\/dev-wp-2\/wp-content\/uploads\/2022\/04\/Koffer_neu.png 821w, https:\/\/sciphylab.de\/dev-wp-2\/wp-content\/uploads\/2022\/04\/Koffer_neu-300x209.png 300w, https:\/\/sciphylab.de\/dev-wp-2\/wp-content\/uploads\/2022\/04\/Koffer_neu-768x535.png 768w\" sizes=\"(max-width: 821px) 100vw, 821px\" \/><\/figure>\n<\/div>\n<\/div>\n\n\n\n<div style=\"height:20px\" aria-hidden=\"true\" class=\"wp-block-spacer\"><\/div>\n<\/div><\/div>\n<\/div><\/div>\n\n\n\n<div class=\"wp-block-cover alignfull\" style=\"min-height:400px\"><span aria-hidden=\"true\" class=\"wp-block-cover__background has-nv-light-bg-background-color has-background-dim-100 has-background-dim\"><\/span><div class=\"wp-block-cover__inner-container is-layout-flow wp-block-cover-is-layout-flow\">\n<div class=\"wp-block-group is-layout-flow wp-block-group-is-layout-flow\"><div class=\"wp-block-group__inner-container\">\n<div class=\"wp-block-columns is-layout-flex wp-container-core-columns-layout-6 wp-block-columns-is-layout-flex\">\n<div class=\"wp-block-column is-vertically-aligned-center is-layout-flow wp-block-column-is-layout-flow\" style=\"flex-basis:60%\">\n<h2 class=\"wp-block-heading has-text-align-left has-neve-text-color-color has-text-color\">Kontakt FLexKom<\/h2>\n\n\n\n<h3 class=\"wp-block-heading has-text-align-left has-neve-text-color-color has-text-color\">Dr. Christian Salinga<\/h3>\n\n\n\n<p class=\"has-neve-text-color-color has-text-color\">RWTH Aachen<br>Physikzentrum <br>Sommerfeldstra\u00dfe 14 <br>52074 Aachen<br>Tel: +49 (0) 241 80 20313<br>E-Mail:&nbsp;<a href=\"mailto:schuelerlabor@physik.rwth-aachen.de\"><\/a><a href=\"mailto:schuelerlabor@physik.rwth-aachen.de\"><\/a><a href=\"mailto:schuelerlabor@physik.rwth-aachen.de\"><\/a><a href=\"mailto:goertz@physik.rwth-aachen.de\"><\/a><a href=\"mailto:salinga@physik.rwth-aachen.de\">salinga@physik.rwth-aachen.de<\/a><\/p>\n\n\n\n<div class=\"wp-block-buttons is-layout-flex wp-block-buttons-is-layout-flex\">\n<div class=\"wp-block-button is-style-primary\"><a class=\"wp-block-button__link wp-element-button\" href=\"https:\/\/sciphylab.de\/dev-wp-2\/flexkom\/\">Plattform FLexKom<\/a><\/div>\n\n\n\n<div class=\"wp-block-button is-style-default\"><a class=\"wp-block-button__link wp-element-button\" href=\"https:\/\/sciphylab.de\/dev-wp-2\/anfahrt\/\">Anfahrt<\/a><\/div>\n<\/div>\n<\/div>\n\n\n\n<div class=\"wp-block-column is-vertically-aligned-bottom is-layout-flow wp-block-column-is-layout-flow\" style=\"flex-basis:40%\"><div class=\"wp-block-image is-resized is-style-default\">\n<figure class=\"aligncenter size-full\"><img loading=\"lazy\" decoding=\"async\" width=\"217\" height=\"290\" src=\"https:\/\/sciphylab.de\/dev-wp-2\/wp-content\/uploads\/2022\/04\/ChristianSalinga-edited.jpg\" alt=\"\" class=\"wp-image-416\" style=\"width:235px;height:auto\"\/><\/figure><\/div><\/div>\n<\/div>\n<\/div><\/div>\n<\/div><\/div>\n\n\n\n<div class=\"wp-block-cover alignfull\" style=\"min-height:400px\"><span aria-hidden=\"true\" class=\"wp-block-cover__background has-nv-dark-bg-background-color has-background-dim-100 has-background-dim\"><\/span><div class=\"wp-block-cover__inner-container is-layout-flow wp-block-cover-is-layout-flow\">\n<div class=\"wp-block-cover\" style=\"min-height:1300px\"><span aria-hidden=\"true\" class=\"wp-block-cover__background has-nv-dark-bg-background-color has-background-dim-100 has-background-dim\"><\/span><div class=\"wp-block-cover__inner-container is-layout-flow wp-block-cover-is-layout-flow\">\n<div class=\"wp-block-group is-layout-flow wp-block-group-is-layout-flow\"><div class=\"wp-block-group__inner-container\">\n<div class=\"wp-block-columns is-layout-flex wp-container-core-columns-layout-7 wp-block-columns-is-layout-flex\">\n<div class=\"wp-block-column is-vertically-aligned-center is-layout-flow wp-block-column-is-layout-flow\" style=\"flex-basis:100%\">\n<h2 class=\"wp-block-heading\">Die Macher von FLexKom<\/h2>\n\n\n\n<p class=\"has-medium-font-size\">FLexKom wurde am I. Physikalischen Institut IA der RWTH Aachen entwickelt.<\/p>\n\n\n\n<figure class=\"wp-block-table is-style-stripes\"><table class=\"has-neve-text-color-color has-nv-site-bg-background-color has-text-color has-background has-fixed-layout\"><tbody><tr><td><strong>Tobias Winkens<\/strong><br>Weiterentwicklung und Abschlussarbeit<\/td><td><strong>Univ.-Prof. Dr. Heidrun Heinke<\/strong><br>Konzept und Fachdidaktik<\/td><\/tr><tr><td><strong>Simon Goertz<\/strong><br>Entwicklung und Konzept<\/td><td><strong>Mesut Tastekin<\/strong><br>Studentische Hilfskraft und Abschlussarbeit<\/td><\/tr><tr><td><strong>Simon Roth<\/strong><br>Webseite und Abschlussarbeit<\/td><td><\/td><\/tr><\/tbody><\/table><\/figure>\n\n\n\n<h3 class=\"wp-block-heading\">Alumni<\/h3>\n\n\n\n<figure class=\"wp-block-table is-style-stripes\"><table class=\"has-nv-dark-bg-color has-nv-site-bg-background-color has-text-color has-background has-fixed-layout\"><tbody><tr><td><strong>Wiebke Brenneker<\/strong><br>Abschlussarbeit<\/td><td><strong>Tobias Conrads<\/strong><br>Abschlussarbeit<\/td><\/tr><tr><td><strong>Tobias Fink<\/strong><br>Studentische Hilfskraft<\/td><td><strong>Jan Niklas Held<\/strong><br>Studentische Hilfskraft<\/td><\/tr><tr><td><strong>Maria Hinkelmann<\/strong><br>Abschlussarbeit<\/td><td><strong>Tobias Jan\u00dfen<\/strong><br>Studentische Hilfskraft<\/td><\/tr><tr><td><strong>Patrick Klein<\/strong><br>Konzept und Abschlussarbeit<\/td><td><strong>Jasmin Tiel<\/strong><br>Studentische Hilfskraft<\/td><\/tr><tr><td><strong>Theresa Westphalen<\/strong><br>Abschlussarbeit<\/td><td><strong>Nicolai Wilms<\/strong><br>Abschlussarbeit<\/td><\/tr><\/tbody><\/table><\/figure>\n<\/div>\n<\/div>\n<\/div><\/div>\n<\/div><\/div>\n<\/div><\/div>\n","protected":false},"excerpt":{"rendered":"","protected":false},"author":4,"featured_media":2580,"parent":0,"menu_order":0,"comment_status":"closed","ping_status":"closed","template":"","meta":{"neve_meta_sidebar":"","neve_meta_container":"","neve_meta_enable_content_width":"on","neve_meta_content_width":100,"neve_meta_title_alignment":"","neve_meta_author_avatar":"","neve_post_elements_order":"","neve_meta_disable_header":"","neve_meta_disable_footer":"","neve_meta_disable_title":"","footnotes":""},"_links":{"self":[{"href":"https:\/\/sciphylab.de\/dev-wp-2\/wp-json\/wp\/v2\/pages\/69"}],"collection":[{"href":"https:\/\/sciphylab.de\/dev-wp-2\/wp-json\/wp\/v2\/pages"}],"about":[{"href":"https:\/\/sciphylab.de\/dev-wp-2\/wp-json\/wp\/v2\/types\/page"}],"author":[{"embeddable":true,"href":"https:\/\/sciphylab.de\/dev-wp-2\/wp-json\/wp\/v2\/users\/4"}],"replies":[{"embeddable":true,"href":"https:\/\/sciphylab.de\/dev-wp-2\/wp-json\/wp\/v2\/comments?post=69"}],"version-history":[{"count":147,"href":"https:\/\/sciphylab.de\/dev-wp-2\/wp-json\/wp\/v2\/pages\/69\/revisions"}],"predecessor-version":[{"id":5752,"href":"https:\/\/sciphylab.de\/dev-wp-2\/wp-json\/wp\/v2\/pages\/69\/revisions\/5752"}],"wp:featuredmedia":[{"embeddable":true,"href":"https:\/\/sciphylab.de\/dev-wp-2\/wp-json\/wp\/v2\/media\/2580"}],"wp:attachment":[{"href":"https:\/\/sciphylab.de\/dev-wp-2\/wp-json\/wp\/v2\/media?parent=69"}],"curies":[{"name":"wp","href":"https:\/\/api.w.org\/{rel}","templated":true}]}}