{"id":68,"date":"2022-04-02T01:40:48","date_gmt":"2022-04-01T23:40:48","guid":{"rendered":"https:\/\/sciphylab.de\/dev-wp-2\/?page_id=68"},"modified":"2025-05-30T12:55:06","modified_gmt":"2025-05-30T10:55:06","slug":"schuelerlabor","status":"publish","type":"page","link":"https:\/\/sciphylab.de\/dev-wp-2\/schuelerlabor\/","title":{"rendered":"Lernlabor SCIphyLAB"},"content":{"rendered":"\n<p>Wie bereits im Namen versteckt, spielen im Lernlabor die Naturwissenschaften (<strong>Sci<\/strong>ence), die <strong>Phy<\/strong>sik, das Experimentieren im <strong>Lab<\/strong>or (Laboratory) und die <strong>Nano<\/strong>technologie wichtige Rollen. Die Hauptrolle \u00fcbernehmt jedoch stets ihr Sch\u00fclerinnen und Sch\u00fcler: Gemeinsam mit eurer Klasse oder eurem Kurs werdet ihr hier selbst als Forschende aktiv und besch\u00e4ftigt euch nicht nur mit aktuellen Forschungsthemen, sondern erfahrt auch Wissenswertes rund um die T\u00e4tigkeiten von NaturwissenschaftlerInnen.<\/p>\n\n\n\n<div style=\"height:40px\" aria-hidden=\"true\" class=\"wp-block-spacer\"><\/div>\n\n\n\n<div class=\"wp-block-cover alignfull\" style=\"min-height:400px\"><span aria-hidden=\"true\" class=\"wp-block-cover__background has-neve-link-hover-color-background-color has-background-dim-100 has-background-dim\"><\/span><div class=\"wp-block-cover__inner-container is-layout-flow wp-block-cover-is-layout-flow\">\n<div style=\"height:40px\" aria-hidden=\"true\" class=\"wp-block-spacer\"><\/div>\n\n\n\n<div class=\"wp-block-columns are-vertically-aligned-center is-layout-flex wp-container-core-columns-layout-1 wp-block-columns-is-layout-flex\">\n<div class=\"wp-block-column is-vertically-aligned-center is-layout-flow wp-block-column-is-layout-flow\"><div class=\"wp-block-image icon-style is-style-default\">\n<figure class=\"aligncenter size-full is-resized\"><img loading=\"lazy\" decoding=\"async\" width=\"384\" height=\"384\" src=\"https:\/\/sciphylab.de\/dev-wp-2\/wp-content\/uploads\/2022\/04\/Mikroskop.png\" alt=\"\" class=\"wp-image-977\" style=\"width:75px;height:75px\" srcset=\"https:\/\/sciphylab.de\/dev-wp-2\/wp-content\/uploads\/2022\/04\/Mikroskop.png 384w, https:\/\/sciphylab.de\/dev-wp-2\/wp-content\/uploads\/2022\/04\/Mikroskop-300x300.png 300w, https:\/\/sciphylab.de\/dev-wp-2\/wp-content\/uploads\/2022\/04\/Mikroskop-150x150.png 150w\" sizes=\"(max-width: 384px) 100vw, 384px\" \/><\/figure><\/div>\n\n\n<h3 class=\"wp-block-heading has-text-align-center has-neve-text-color-color has-text-color\">Eigenst\u00e4ndiges Arbeiten<\/h3>\n\n\n\n<p class=\"has-text-align-center has-neve-text-color-color has-text-color\">Ihr werdet mit eurer Klasse oder eurem Kurs selbst als Forschende aktiv.<\/p>\n\n\n\n<div style=\"height:20px\" aria-hidden=\"true\" class=\"wp-block-spacer\"><\/div>\n<\/div>\n\n\n\n<div class=\"wp-block-column is-vertically-aligned-center is-layout-flow wp-block-column-is-layout-flow\"><div class=\"wp-block-image icon-style is-style-default\">\n<figure class=\"aligncenter size-full is-resized\"><img loading=\"lazy\" decoding=\"async\" width=\"512\" height=\"512\" src=\"https:\/\/sciphylab.de\/dev-wp-2\/wp-content\/uploads\/2022\/04\/Fernglas.png\" alt=\"\" class=\"wp-image-978\" style=\"width:75px;height:75px\" srcset=\"https:\/\/sciphylab.de\/dev-wp-2\/wp-content\/uploads\/2022\/04\/Fernglas.png 512w, https:\/\/sciphylab.de\/dev-wp-2\/wp-content\/uploads\/2022\/04\/Fernglas-300x300.png 300w, https:\/\/sciphylab.de\/dev-wp-2\/wp-content\/uploads\/2022\/04\/Fernglas-150x150.png 150w\" sizes=\"(max-width: 512px) 100vw, 512px\" \/><\/figure><\/div>\n\n\n<h3 class=\"wp-block-heading has-text-align-center has-neve-text-color-color has-text-color\">Spannende Berufseinblicke<\/h3>\n\n\n\n<p class=\"has-text-align-center has-neve-text-color-color has-text-color\">Ihr erhaltet Einblicke in T\u00e4tigkeiten von NaturwissenschaftlerInnen.<\/p>\n\n\n\n<div style=\"height:20px\" aria-hidden=\"true\" class=\"wp-block-spacer\"><\/div>\n<\/div>\n\n\n\n<div class=\"wp-block-column is-vertically-aligned-center is-layout-flow wp-block-column-is-layout-flow\"><div class=\"wp-block-image icon-style is-style-rounded\">\n<figure class=\"aligncenter size-full is-resized\"><img loading=\"lazy\" decoding=\"async\" width=\"512\" height=\"512\" src=\"https:\/\/sciphylab.de\/dev-wp-2\/wp-content\/uploads\/2022\/04\/Student.png\" alt=\"\" class=\"wp-image-979\" style=\"width:75px;height:75px\" srcset=\"https:\/\/sciphylab.de\/dev-wp-2\/wp-content\/uploads\/2022\/04\/Student.png 512w, https:\/\/sciphylab.de\/dev-wp-2\/wp-content\/uploads\/2022\/04\/Student-300x300.png 300w, https:\/\/sciphylab.de\/dev-wp-2\/wp-content\/uploads\/2022\/04\/Student-150x150.png 150w\" sizes=\"(max-width: 512px) 100vw, 512px\" \/><\/figure><\/div>\n\n\n<h3 class=\"wp-block-heading has-text-align-center has-neve-text-color-color has-text-color\">Qualifizierte Betreuende<\/h3>\n\n\n\n<p class=\"has-text-align-center has-neve-text-color-color has-text-color\">Ihr werdet durch qualifizierte Studierende und Doktoranten begleitet.<\/p>\n\n\n\n<div style=\"height:20px\" aria-hidden=\"true\" class=\"wp-block-spacer\"><\/div>\n<\/div>\n<\/div>\n<\/div><\/div>\n\n\n\n<div class=\"wp-block-cover alignfull\" style=\"min-height:400px\"><span aria-hidden=\"true\" class=\"wp-block-cover__background has-nv-text-dark-bg-background-color has-background-dim-100 has-background-dim\"><\/span><div class=\"wp-block-cover__inner-container is-layout-flow wp-block-cover-is-layout-flow\">\n<div class=\"wp-block-group is-layout-flow wp-block-group-is-layout-flow\"><div class=\"wp-block-group__inner-container\">\n<div style=\"height:40px\" aria-hidden=\"true\" class=\"wp-block-spacer\"><\/div>\n\n\n\n<div class=\"wp-block-columns are-vertically-aligned-center is-layout-flex wp-container-core-columns-layout-2 wp-block-columns-is-layout-flex\">\n<div class=\"wp-block-column is-vertically-aligned-center is-layout-flow wp-block-column-is-layout-flow\" style=\"flex-basis:70%\">\n<h3 class=\"wp-block-heading has-text-align-left has-neve-text-color-color has-text-color\">Einblicke in die Nanowelt<\/h3>\n\n\n\n<p class=\"has-text-align-left has-neve-text-color-color has-text-color\" style=\"font-size:17px\"><em>Ausgehend von Alltagsbeispielen wie Sonnencr\u00e8me und Brillengl\u00e4sern erfolgt eine Einf\u00fchrung in die Nanotechnologie als ein Beispiel f\u00fcr aktuelle Forschung.<\/em><\/p>\n\n\n\n<p class=\"has-neve-text-color-color has-text-color\">Geeignet f\u00fcr&nbsp;8. und 9. Klasse<\/p>\n\n\n\n<div class=\"wp-block-buttons is-content-justification-left is-layout-flex wp-container-core-buttons-layout-1 wp-block-buttons-is-layout-flex\">\n<div class=\"wp-block-button is-style-secondary\"><a class=\"wp-block-button__link wp-element-button\" href=\"https:\/\/sciphylab.de\/dev-wp-2\/schuelerlabor\/einblicke-in-die-nanowelt\/\">Weitere Informationen<\/a><\/div>\n<\/div>\n\n\n\n<div style=\"height:20px\" aria-hidden=\"true\" class=\"wp-block-spacer\"><\/div>\n<\/div>\n\n\n\n<div class=\"wp-block-column is-vertically-aligned-center is-layout-flow wp-block-column-is-layout-flow\" style=\"flex-basis:30%\">\n<figure class=\"wp-block-image size-full is-resized\"><img loading=\"lazy\" decoding=\"async\" width=\"1459\" height=\"1461\" src=\"https:\/\/sciphylab.de\/dev-wp-2\/wp-content\/uploads\/2022\/05\/nanowelt4-edited-1.png\" alt=\"\" class=\"wp-image-2406\" style=\"width:400px;height:400px\" srcset=\"https:\/\/sciphylab.de\/dev-wp-2\/wp-content\/uploads\/2022\/05\/nanowelt4-edited-1.png 1459w, https:\/\/sciphylab.de\/dev-wp-2\/wp-content\/uploads\/2022\/05\/nanowelt4-edited-1-300x300.png 300w, https:\/\/sciphylab.de\/dev-wp-2\/wp-content\/uploads\/2022\/05\/nanowelt4-edited-1-1024x1024.png 1024w, https:\/\/sciphylab.de\/dev-wp-2\/wp-content\/uploads\/2022\/05\/nanowelt4-edited-1-150x150.png 150w, https:\/\/sciphylab.de\/dev-wp-2\/wp-content\/uploads\/2022\/05\/nanowelt4-edited-1-768x769.png 768w\" sizes=\"(max-width: 1459px) 100vw, 1459px\" \/><\/figure>\n<\/div>\n<\/div>\n\n\n\n<div style=\"height:20px\" aria-hidden=\"true\" class=\"wp-block-spacer\"><\/div>\n<\/div><\/div>\n<\/div><\/div>\n\n\n\n<div class=\"wp-block-cover alignfull\" style=\"min-height:400px\"><span aria-hidden=\"true\" class=\"wp-block-cover__background has-nv-site-bg-background-color has-background-dim-100 has-background-dim\"><\/span><div class=\"wp-block-cover__inner-container is-layout-flow wp-block-cover-is-layout-flow\">\n<div class=\"wp-block-group is-layout-flow wp-block-group-is-layout-flow\"><div class=\"wp-block-group__inner-container\">\n<div style=\"height:40px\" aria-hidden=\"true\" class=\"wp-block-spacer\"><\/div>\n\n\n\n<div class=\"wp-block-columns are-vertically-aligned-center is-layout-flex wp-container-core-columns-layout-3 wp-block-columns-is-layout-flex\">\n<div class=\"wp-block-column is-vertically-aligned-center is-layout-flow wp-block-column-is-layout-flow\" style=\"flex-basis:70%\">\n<h3 class=\"wp-block-heading has-text-align-left has-neve-text-color-color has-text-color\">Datenspeicher der Zukunft<\/h3>\n\n\n\n<p class=\"has-text-align-left has-neve-text-color-color has-text-color\" style=\"font-size:17px\"><em><em><em>Die Sch\u00fclerinnen und Sch\u00fcler erforschen gemeinsam die physikalischen Grundlagen einer neuartigen Speichertechnologie.<\/em><\/em><\/em><\/p>\n\n\n\n<p class=\"has-neve-text-color-color has-text-color\">Geeignet f\u00fcr&nbsp;9. und 10. Klasse<\/p>\n\n\n\n<div class=\"wp-block-buttons is-content-justification-left is-layout-flex wp-container-core-buttons-layout-2 wp-block-buttons-is-layout-flex\">\n<div class=\"wp-block-button is-style-secondary\"><a class=\"wp-block-button__link wp-element-button\" href=\"https:\/\/sciphylab.de\/dev-wp-2\/schuelerlabor\/datenspeicher-der-zukunft\/\">Weitere Informationen<\/a><\/div>\n<\/div>\n\n\n\n<div style=\"height:20px\" aria-hidden=\"true\" class=\"wp-block-spacer\"><\/div>\n<\/div>\n\n\n\n<div class=\"wp-block-column is-vertically-aligned-center is-layout-flow wp-block-column-is-layout-flow\" style=\"flex-basis:30%\">\n<figure class=\"wp-block-image size-large\"><img loading=\"lazy\" decoding=\"async\" width=\"1022\" height=\"1024\" src=\"https:\/\/sciphylab.de\/dev-wp-2\/wp-content\/uploads\/2022\/04\/nanowelt-edited-1022x1024.png\" alt=\"\" class=\"wp-image-293\" srcset=\"https:\/\/sciphylab.de\/dev-wp-2\/wp-content\/uploads\/2022\/04\/nanowelt-edited-1022x1024.png 1022w, https:\/\/sciphylab.de\/dev-wp-2\/wp-content\/uploads\/2022\/04\/nanowelt-edited-300x300.png 300w, https:\/\/sciphylab.de\/dev-wp-2\/wp-content\/uploads\/2022\/04\/nanowelt-edited-150x150.png 150w, https:\/\/sciphylab.de\/dev-wp-2\/wp-content\/uploads\/2022\/04\/nanowelt-edited-768x769.png 768w, https:\/\/sciphylab.de\/dev-wp-2\/wp-content\/uploads\/2022\/04\/nanowelt-edited.png 1160w\" sizes=\"(max-width: 1022px) 100vw, 1022px\" \/><\/figure>\n<\/div>\n<\/div>\n\n\n\n<div style=\"height:20px\" aria-hidden=\"true\" class=\"wp-block-spacer\"><\/div>\n<\/div><\/div>\n<\/div><\/div>\n\n\n\n<div class=\"wp-block-cover alignfull\" style=\"min-height:400px\"><span aria-hidden=\"true\" class=\"wp-block-cover__background has-nv-text-dark-bg-background-color has-background-dim-100 has-background-dim\"><\/span><div class=\"wp-block-cover__inner-container is-layout-flow wp-block-cover-is-layout-flow\">\n<div class=\"wp-block-group is-layout-flow wp-block-group-is-layout-flow\"><div class=\"wp-block-group__inner-container\">\n<div style=\"height:40px\" aria-hidden=\"true\" class=\"wp-block-spacer\"><\/div>\n\n\n\n<div class=\"wp-block-columns are-vertically-aligned-center is-layout-flex wp-container-core-columns-layout-4 wp-block-columns-is-layout-flex\">\n<div class=\"wp-block-column is-vertically-aligned-center is-layout-flow wp-block-column-is-layout-flow\" style=\"flex-basis:70%\">\n<h3 class=\"wp-block-heading has-text-align-left has-neve-text-color-color has-text-color\">Experimentieren auf eigene Faust<\/h3>\n\n\n\n<p class=\"has-text-align-left has-neve-text-color-color has-text-color\" style=\"font-size:17px\"><em><em><em>F\u00fcr einen Schulbesuch stehen Versuchsaufbauten aus unterschiedlichen physikalischen Themengebieten zur Verf\u00fcgung. Dabei k\u00f6nnen die vorbereitende Planung der Experimente und deren anschlie\u00dfende Auswertung in den regul\u00e4ren Unterricht eingebunden werden.<\/em><\/em><\/em><\/p>\n\n\n\n<p class=\"has-neve-text-color-color has-text-color\">Geeignet ab Jahrgangsstufe 9<\/p>\n\n\n\n<div class=\"wp-block-buttons is-content-justification-left is-layout-flex wp-container-core-buttons-layout-3 wp-block-buttons-is-layout-flex\">\n<div class=\"wp-block-button is-style-secondary\"><a class=\"wp-block-button__link has-nv-c-2-background-color has-background wp-element-button\" href=\"https:\/\/sciphylab.de\/dev-wp-2\/schuelerlabor\/physikalisches-praktikum\/\">Weitere Informationen<\/a><\/div>\n<\/div>\n\n\n\n<div style=\"height:20px\" aria-hidden=\"true\" class=\"wp-block-spacer\"><\/div>\n<\/div>\n\n\n\n<div class=\"wp-block-column is-vertically-aligned-center is-layout-flow wp-block-column-is-layout-flow\" style=\"flex-basis:30%\">\n<figure class=\"wp-block-image size-full is-resized\"><img loading=\"lazy\" decoding=\"async\" width=\"576\" height=\"575\" src=\"https:\/\/sciphylab.de\/dev-wp-2\/wp-content\/uploads\/2022\/04\/eigene_Faust-edited-1.jpg\" alt=\"\" class=\"wp-image-1169\" style=\"width:400px;height:400px\" srcset=\"https:\/\/sciphylab.de\/dev-wp-2\/wp-content\/uploads\/2022\/04\/eigene_Faust-edited-1.jpg 576w, https:\/\/sciphylab.de\/dev-wp-2\/wp-content\/uploads\/2022\/04\/eigene_Faust-edited-1-300x300.jpg 300w, https:\/\/sciphylab.de\/dev-wp-2\/wp-content\/uploads\/2022\/04\/eigene_Faust-edited-1-150x150.jpg 150w\" sizes=\"(max-width: 576px) 100vw, 576px\" \/><\/figure>\n<\/div>\n<\/div>\n\n\n\n<div style=\"height:20px\" aria-hidden=\"true\" class=\"wp-block-spacer\"><\/div>\n<\/div><\/div>\n<\/div><\/div>\n\n\n\n<div class=\"wp-block-cover alignfull\" style=\"min-height:400px\"><span aria-hidden=\"true\" class=\"wp-block-cover__background has-nv-text-dark-bg-background-color has-background-dim-100 has-background-dim\"><\/span><div class=\"wp-block-cover__inner-container is-layout-flow wp-block-cover-is-layout-flow\">\n<div class=\"wp-block-group is-layout-flow wp-block-group-is-layout-flow\"><div class=\"wp-block-group__inner-container\">\n<div style=\"height:40px\" aria-hidden=\"true\" class=\"wp-block-spacer\"><\/div>\n\n\n\n<div class=\"wp-block-columns are-vertically-aligned-center is-layout-flex wp-container-core-columns-layout-5 wp-block-columns-is-layout-flex\">\n<div class=\"wp-block-column is-vertically-aligned-center is-layout-flow wp-block-column-is-layout-flow\" style=\"flex-basis:70%\">\n<h3 class=\"wp-block-heading has-text-align-left has-neve-text-color-color has-text-color\">Lernzirkel to go<\/h3>\n\n\n\n<p class=\"has-text-align-left has-neve-text-color-color has-text-color\" style=\"font-size:17px\"><em><em>Im ToGo-Bereichs bieten wir Unterrichtsmaterialien, Versuchsmaterialien und ganze Lernzirkel f\u00fcr den externen Gebrauch an. Dabei k\u00f6nnen Sie die Materialien kostenlos herunterladen. Schulen aus der St\u00e4dteregion Aachen k\u00f6nnen die Aufbauten \u00fcber die Bildungszugabe kostenfrei entleihen. <\/em><\/em><\/p>\n\n\n\n<p class=\"has-neve-text-color-color has-text-color\">Geeignet f\u00fcr 4. bis 7. Klasse<\/p>\n\n\n\n<div class=\"wp-block-buttons is-content-justification-left is-layout-flex wp-container-core-buttons-layout-4 wp-block-buttons-is-layout-flex\">\n<div class=\"wp-block-button is-style-secondary\"><a class=\"wp-block-button__link has-nv-c-2-background-color has-background wp-element-button\" href=\"https:\/\/sciphylab.de\/dev-wp-2\/schuelerlabor\/lernzirkel-to-go\/\">Weitere Informationen<\/a><\/div>\n<\/div>\n\n\n\n<div style=\"height:20px\" aria-hidden=\"true\" class=\"wp-block-spacer\"><\/div>\n<\/div>\n\n\n\n<div class=\"wp-block-column is-vertically-aligned-center is-layout-flow wp-block-column-is-layout-flow\" style=\"flex-basis:30%\">\n<figure class=\"wp-block-image size-full is-resized\"><img loading=\"lazy\" decoding=\"async\" width=\"1106\" height=\"1107\" src=\"https:\/\/sciphylab.de\/dev-wp-2\/wp-content\/uploads\/2022\/04\/kamera_obscura-edited.jpg\" alt=\"\" class=\"wp-image-361\" style=\"width:400px;height:400px\" srcset=\"https:\/\/sciphylab.de\/dev-wp-2\/wp-content\/uploads\/2022\/04\/kamera_obscura-edited.jpg 1106w, https:\/\/sciphylab.de\/dev-wp-2\/wp-content\/uploads\/2022\/04\/kamera_obscura-edited-300x300.jpg 300w, https:\/\/sciphylab.de\/dev-wp-2\/wp-content\/uploads\/2022\/04\/kamera_obscura-edited-1024x1024.jpg 1024w, https:\/\/sciphylab.de\/dev-wp-2\/wp-content\/uploads\/2022\/04\/kamera_obscura-edited-150x150.jpg 150w, https:\/\/sciphylab.de\/dev-wp-2\/wp-content\/uploads\/2022\/04\/kamera_obscura-edited-768x769.jpg 768w\" sizes=\"(max-width: 1106px) 100vw, 1106px\" \/><\/figure>\n<\/div>\n<\/div>\n\n\n\n<div style=\"height:20px\" aria-hidden=\"true\" class=\"wp-block-spacer\"><\/div>\n<\/div><\/div>\n<\/div><\/div>\n","protected":false},"excerpt":{"rendered":"<p>Wie bereits im Namen versteckt, spielen im Lernlabor die Naturwissenschaften (Science), die Physik, das Experimentieren im Labor (Laboratory) und die Nanotechnologie wichtige Rollen. Die Hauptrolle \u00fcbernehmt jedoch stets ihr Sch\u00fclerinnen und Sch\u00fcler: Gemeinsam mit eurer Klasse oder eurem Kurs werdet ihr hier selbst als Forschende aktiv und besch\u00e4ftigt euch nicht nur mit aktuellen Forschungsthemen, sondern&hellip;&nbsp;<a href=\"https:\/\/sciphylab.de\/dev-wp-2\/schuelerlabor\/\" class=\"\" rel=\"bookmark\">Weiterlesen &raquo;<span class=\"screen-reader-text\">Lernlabor SCIphyLAB<\/span><\/a><\/p>\n","protected":false},"author":4,"featured_media":2383,"parent":0,"menu_order":0,"comment_status":"closed","ping_status":"closed","template":"","meta":{"neve_meta_sidebar":"","neve_meta_container":"","neve_meta_enable_content_width":"on","neve_meta_content_width":100,"neve_meta_title_alignment":"","neve_meta_author_avatar":"","neve_post_elements_order":"","neve_meta_disable_header":"","neve_meta_disable_footer":"","neve_meta_disable_title":"","footnotes":""},"_links":{"self":[{"href":"https:\/\/sciphylab.de\/dev-wp-2\/wp-json\/wp\/v2\/pages\/68"}],"collection":[{"href":"https:\/\/sciphylab.de\/dev-wp-2\/wp-json\/wp\/v2\/pages"}],"about":[{"href":"https:\/\/sciphylab.de\/dev-wp-2\/wp-json\/wp\/v2\/types\/page"}],"author":[{"embeddable":true,"href":"https:\/\/sciphylab.de\/dev-wp-2\/wp-json\/wp\/v2\/users\/4"}],"replies":[{"embeddable":true,"href":"https:\/\/sciphylab.de\/dev-wp-2\/wp-json\/wp\/v2\/comments?post=68"}],"version-history":[{"count":206,"href":"https:\/\/sciphylab.de\/dev-wp-2\/wp-json\/wp\/v2\/pages\/68\/revisions"}],"predecessor-version":[{"id":5421,"href":"https:\/\/sciphylab.de\/dev-wp-2\/wp-json\/wp\/v2\/pages\/68\/revisions\/5421"}],"wp:featuredmedia":[{"embeddable":true,"href":"https:\/\/sciphylab.de\/dev-wp-2\/wp-json\/wp\/v2\/media\/2383"}],"wp:attachment":[{"href":"https:\/\/sciphylab.de\/dev-wp-2\/wp-json\/wp\/v2\/media?parent=68"}],"curies":[{"name":"wp","href":"https:\/\/api.w.org\/{rel}","templated":true}]}}