{"id":60,"date":"2022-04-02T01:38:02","date_gmt":"2022-04-01T23:38:02","guid":{"rendered":"https:\/\/sciphylab.de\/dev-wp-2\/?page_id=60"},"modified":"2025-04-11T12:01:17","modified_gmt":"2025-04-11T10:01:17","slug":"impressum","status":"publish","type":"page","link":"https:\/\/sciphylab.de\/dev-wp-2\/impressum\/","title":{"rendered":"Impressum"},"content":{"rendered":"\n<p>RWTH Aachen<br>Templergraben 55<br>52062 Aachen (Hausanschrift)<br>52056 Aachen (Postanschrift)<\/p>\n\n\n\n<p>Telefon: +49 241 80 1<br>Telefax: +49 241 80 92312<br>E-Mail:&nbsp;<a href=\"mailto:info@rwth-aachen.de\">info@rwth-aachen.de<\/a><\/p>\n\n\n\n<p>Die RWTH Aachen ist eine K\u00f6rperschaft des \u00f6ffentlichen Rechts. Sie wird durch den Rektor, Univ.-Prof. Dr. rer. nat. Dr. h.c. mult. Ulrich R\u00fcdiger, vertreten.<\/p>\n\n\n\n<h4 class=\"wp-block-heading\">Zust\u00e4ndige Aufsichtsbeh\u00f6rde<\/h4>\n\n\n\n<p>Ministerium f\u00fcr Kultur und Wissenschaft des Landes Nordrhein-Westfalen, V\u00f6lklinger Stra\u00dfe 49, 40221 D\u00fcsseldorf.<\/p>\n\n\n\n<h4 class=\"wp-block-heading\">Umsatzsteuer-Identifikationsnummer<\/h4>\n\n\n\n<p>Gem\u00e4\u00df \u00a7 27 a Umsatzsteuergesetz: DE 121689807<\/p>\n\n\n\n<h4 class=\"wp-block-heading\">Verantwortlich f\u00fcr den Inhalt nach \u00a7 55 Abs. 2 RStV:<\/h4>\n\n\n\n<p>Univ.-Prof. Dr. rer. nat. Heidrun Heinke<br>RWTH Aachen University<br>I. Physikalisches Institut IA<br>Sommerfeldstr. 14<br>D- 52074 Aachen<br>Tel.: +49 (0)241 80 27221<br>E-Mail:&nbsp;<a href=\"mailto:heinke@physik.rwth-aachen.de\">heinke@physik.rwth-aachen.de<\/a><\/p>\n\n\n\n<p>Gina Goffart<br>RWTH Aachen University<br>I. Physikalisches Institut IA<br>Sommerfeldstr. 14<br>D- 52074 Aachen<br>Tel.: +49 (0)241 80 27229<br>E-Mail:\u00a0<a href=\"mailto:nell@physik.rwth-aachen.de\">goffart@physik.rwth-aachen.de<\/a><\/p>\n","protected":false},"excerpt":{"rendered":"<p>RWTH AachenTemplergraben 5552062 Aachen (Hausanschrift)52056 Aachen (Postanschrift) Telefon: +49 241 80 1Telefax: +49 241 80 92312E-Mail:&nbsp;info@rwth-aachen.de Die RWTH Aachen ist eine K\u00f6rperschaft des \u00f6ffentlichen Rechts. Sie wird durch den Rektor, Univ.-Prof. Dr. rer. nat. Dr. h.c. mult. Ulrich R\u00fcdiger, vertreten. Zust\u00e4ndige Aufsichtsbeh\u00f6rde Ministerium f\u00fcr Kultur und Wissenschaft des Landes Nordrhein-Westfalen, V\u00f6lklinger Stra\u00dfe 49, 40221 D\u00fcsseldorf.&hellip;&nbsp;<a href=\"https:\/\/sciphylab.de\/dev-wp-2\/impressum\/\" class=\"\" rel=\"bookmark\">Weiterlesen &raquo;<span class=\"screen-reader-text\">Impressum<\/span><\/a><\/p>\n","protected":false},"author":4,"featured_media":0,"parent":0,"menu_order":0,"comment_status":"closed","ping_status":"closed","template":"","meta":{"neve_meta_sidebar":"","neve_meta_container":"","neve_meta_enable_content_width":"","neve_meta_content_width":0,"neve_meta_title_alignment":"","neve_meta_author_avatar":"","neve_post_elements_order":"","neve_meta_disable_header":"","neve_meta_disable_footer":"","neve_meta_disable_title":"","footnotes":""},"_links":{"self":[{"href":"https:\/\/sciphylab.de\/dev-wp-2\/wp-json\/wp\/v2\/pages\/60"}],"collection":[{"href":"https:\/\/sciphylab.de\/dev-wp-2\/wp-json\/wp\/v2\/pages"}],"about":[{"href":"https:\/\/sciphylab.de\/dev-wp-2\/wp-json\/wp\/v2\/types\/page"}],"author":[{"embeddable":true,"href":"https:\/\/sciphylab.de\/dev-wp-2\/wp-json\/wp\/v2\/users\/4"}],"replies":[{"embeddable":true,"href":"https:\/\/sciphylab.de\/dev-wp-2\/wp-json\/wp\/v2\/comments?post=60"}],"version-history":[{"count":4,"href":"https:\/\/sciphylab.de\/dev-wp-2\/wp-json\/wp\/v2\/pages\/60\/revisions"}],"predecessor-version":[{"id":5378,"href":"https:\/\/sciphylab.de\/dev-wp-2\/wp-json\/wp\/v2\/pages\/60\/revisions\/5378"}],"wp:attachment":[{"href":"https:\/\/sciphylab.de\/dev-wp-2\/wp-json\/wp\/v2\/media?parent=60"}],"curies":[{"name":"wp","href":"https:\/\/api.w.org\/{rel}","templated":true}]}}