{"id":5379,"date":"2025-04-11T13:37:23","date_gmt":"2025-04-11T11:37:23","guid":{"rendered":"https:\/\/sciphylab.de\/dev-wp-2\/?page_id=5379"},"modified":"2025-04-11T13:37:23","modified_gmt":"2025-04-11T11:37:23","slug":"experimentierwelten-im-nell-breuning-haus","status":"publish","type":"page","link":"https:\/\/sciphylab.de\/dev-wp-2\/experimentierwelten-im-nell-breuning-haus\/","title":{"rendered":"Experimentierwelten im Nell-Breuning-Haus"},"content":{"rendered":"\n<p>Wir d\u00fcrfen verk\u00fcnden, dass aufgrund der Zusammenarbeit zwischen der St\u00e4dteRegion Aachen, dem Nell-Breuning-Haus Herzogenrath und den Sch\u00fclerlaboren der RWTH Aachen das HOT-Ferienangebot unter neuem Namen weitergef\u00fchrt werden kann! Die &#8222;Experimentierwelten im Nell-Breuning-Haus&#8220; soll nach dem bereits bew\u00e4hrten Konzept Sch\u00fclerinnen und Sch\u00fcler verschiedener Altersstufen an einzelnen Tagen in die Welt der Naturwissenschaften und MINT-F\u00e4cher insbesondere in der experimentellen Praxis abtauchen lassen. <a href=\"https:\/\/nbh.de\/aktuelles\/veranstaltungen\/a-event\/Experimentierwelten-im-Nell-Breuning-Haus\/?instancedate=1753801200000\" data-type=\"link\" data-id=\"https:\/\/nbh.de\/aktuelles\/veranstaltungen\/a-event\/Experimentierwelten-im-Nell-Breuning-Haus\/?instancedate=1753801200000\">Hier geht es zur Webseite zum Angebot (Webseite des Nell-Breuning-Hauses)!<\/a><\/p>\n\n\n\n<p>Wir bedanken uns herzlich bei allen Beteiligten, die zum Gelingen dieses Angebotes beitragen! <\/p>\n\n\n\n<p><a href=\"https:\/\/sciphylab.de\/dev-wp-2\/hot\/\">Die alte Webseite zum HOT-Ferienangebot finden Sie hier.<\/a><\/p>\n\n\n\n<div class=\"wp-block-columns is-layout-flex wp-container-core-columns-layout-1 wp-block-columns-is-layout-flex\">\n<div class=\"wp-block-column is-vertically-aligned-center is-layout-flow wp-block-column-is-layout-flow\">\n<figure class=\"wp-block-image size-large is-resized\"><a href=\"https:\/\/nbh.de\/\"><img loading=\"lazy\" decoding=\"async\" width=\"1024\" height=\"724\" src=\"https:\/\/sciphylab.de\/dev-wp-2\/wp-content\/uploads\/2024\/06\/LogoName_ohne_Hintergrund-1024x724.png\" alt=\"\" class=\"wp-image-4259\" style=\"width:384px;height:auto\" srcset=\"https:\/\/sciphylab.de\/dev-wp-2\/wp-content\/uploads\/2024\/06\/LogoName_ohne_Hintergrund-1024x724.png 1024w, https:\/\/sciphylab.de\/dev-wp-2\/wp-content\/uploads\/2024\/06\/LogoName_ohne_Hintergrund-300x212.png 300w, https:\/\/sciphylab.de\/dev-wp-2\/wp-content\/uploads\/2024\/06\/LogoName_ohne_Hintergrund-768x543.png 768w, https:\/\/sciphylab.de\/dev-wp-2\/wp-content\/uploads\/2024\/06\/LogoName_ohne_Hintergrund.png 1169w\" sizes=\"(max-width: 1024px) 100vw, 1024px\" \/><\/a><\/figure>\n<\/div>\n\n\n\n<div class=\"wp-block-column is-vertically-aligned-center is-layout-flow wp-block-column-is-layout-flow\">\n<figure class=\"wp-block-image size-full is-resized\"><a href=\"https:\/\/www.staedteregion-aachen.de\/de\/navigation\/staedteregion\"><img loading=\"lazy\" decoding=\"async\" width=\"844\" height=\"485\" src=\"https:\/\/sciphylab.de\/dev-wp-2\/wp-content\/uploads\/2024\/06\/StaedteReg_AC_RGB_Transparent-2.png\" alt=\"\" class=\"wp-image-4266\" style=\"width:373px;height:auto\" srcset=\"https:\/\/sciphylab.de\/dev-wp-2\/wp-content\/uploads\/2024\/06\/StaedteReg_AC_RGB_Transparent-2.png 844w, https:\/\/sciphylab.de\/dev-wp-2\/wp-content\/uploads\/2024\/06\/StaedteReg_AC_RGB_Transparent-2-300x172.png 300w, https:\/\/sciphylab.de\/dev-wp-2\/wp-content\/uploads\/2024\/06\/StaedteReg_AC_RGB_Transparent-2-768x441.png 768w\" sizes=\"(max-width: 844px) 100vw, 844px\" \/><\/a><\/figure>\n<\/div>\n\n\n\n<div class=\"wp-block-column is-vertically-aligned-center is-layout-flow wp-block-column-is-layout-flow\">\n<figure class=\"wp-block-image size-full is-resized\"><a href=\"https:\/\/www.bmbf.de\/bmbf\/de\/home\/home_node.html\"><img loading=\"lazy\" decoding=\"async\" width=\"1804\" height=\"1412\" src=\"https:\/\/sciphylab.de\/dev-wp-2\/wp-content\/uploads\/2024\/06\/BMBF_gefoerdert-vom_deutsch-2.png\" alt=\"\" class=\"wp-image-4265\" style=\"width:384px;height:auto\" srcset=\"https:\/\/sciphylab.de\/dev-wp-2\/wp-content\/uploads\/2024\/06\/BMBF_gefoerdert-vom_deutsch-2.png 1804w, https:\/\/sciphylab.de\/dev-wp-2\/wp-content\/uploads\/2024\/06\/BMBF_gefoerdert-vom_deutsch-2-300x235.png 300w, https:\/\/sciphylab.de\/dev-wp-2\/wp-content\/uploads\/2024\/06\/BMBF_gefoerdert-vom_deutsch-2-1024x801.png 1024w, https:\/\/sciphylab.de\/dev-wp-2\/wp-content\/uploads\/2024\/06\/BMBF_gefoerdert-vom_deutsch-2-768x601.png 768w, https:\/\/sciphylab.de\/dev-wp-2\/wp-content\/uploads\/2024\/06\/BMBF_gefoerdert-vom_deutsch-2-1536x1202.png 1536w\" sizes=\"(max-width: 1804px) 100vw, 1804px\" \/><\/a><\/figure>\n<\/div>\n<\/div>\n","protected":false},"excerpt":{"rendered":"<p>Wir d\u00fcrfen verk\u00fcnden, dass aufgrund der Zusammenarbeit zwischen der St\u00e4dteRegion Aachen, dem Nell-Breuning-Haus Herzogenrath und den Sch\u00fclerlaboren der RWTH Aachen das HOT-Ferienangebot unter neuem Namen weitergef\u00fchrt werden kann! Die &#8222;Experimentierwelten im Nell-Breuning-Haus&#8220; soll nach dem bereits bew\u00e4hrten Konzept Sch\u00fclerinnen und Sch\u00fcler verschiedener Altersstufen an einzelnen Tagen in die Welt der Naturwissenschaften und MINT-F\u00e4cher insbesondere in&hellip;&nbsp;<a href=\"https:\/\/sciphylab.de\/dev-wp-2\/experimentierwelten-im-nell-breuning-haus\/\" class=\"\" rel=\"bookmark\">Weiterlesen &raquo;<span class=\"screen-reader-text\">Experimentierwelten im Nell-Breuning-Haus<\/span><\/a><\/p>\n","protected":false},"author":4,"featured_media":3359,"parent":0,"menu_order":0,"comment_status":"closed","ping_status":"closed","template":"","meta":{"neve_meta_sidebar":"","neve_meta_container":"","neve_meta_enable_content_width":"","neve_meta_content_width":0,"neve_meta_title_alignment":"","neve_meta_author_avatar":"","neve_post_elements_order":"","neve_meta_disable_header":"","neve_meta_disable_footer":"","neve_meta_disable_title":"","footnotes":""},"_links":{"self":[{"href":"https:\/\/sciphylab.de\/dev-wp-2\/wp-json\/wp\/v2\/pages\/5379"}],"collection":[{"href":"https:\/\/sciphylab.de\/dev-wp-2\/wp-json\/wp\/v2\/pages"}],"about":[{"href":"https:\/\/sciphylab.de\/dev-wp-2\/wp-json\/wp\/v2\/types\/page"}],"author":[{"embeddable":true,"href":"https:\/\/sciphylab.de\/dev-wp-2\/wp-json\/wp\/v2\/users\/4"}],"replies":[{"embeddable":true,"href":"https:\/\/sciphylab.de\/dev-wp-2\/wp-json\/wp\/v2\/comments?post=5379"}],"version-history":[{"count":1,"href":"https:\/\/sciphylab.de\/dev-wp-2\/wp-json\/wp\/v2\/pages\/5379\/revisions"}],"predecessor-version":[{"id":5380,"href":"https:\/\/sciphylab.de\/dev-wp-2\/wp-json\/wp\/v2\/pages\/5379\/revisions\/5380"}],"wp:featuredmedia":[{"embeddable":true,"href":"https:\/\/sciphylab.de\/dev-wp-2\/wp-json\/wp\/v2\/media\/3359"}],"wp:attachment":[{"href":"https:\/\/sciphylab.de\/dev-wp-2\/wp-json\/wp\/v2\/media?parent=5379"}],"curies":[{"name":"wp","href":"https:\/\/api.w.org\/{rel}","templated":true}]}}