{"id":5044,"date":"2024-12-02T10:29:19","date_gmt":"2024-12-02T09:29:19","guid":{"rendered":"https:\/\/sciphylab.de\/dev-wp-2\/?page_id=5044"},"modified":"2025-10-23T21:29:43","modified_gmt":"2025-10-23T19:29:43","slug":"girls-year-am-01-07-2025-2","status":"publish","type":"page","link":"https:\/\/sciphylab.de\/dev-wp-2\/girls-year-am-01-07-2025-2\/","title":{"rendered":"Girls&#8216; Year am 30.10.2025"},"content":{"rendered":"\n<p>Wir freuen uns, dass ihr am Girls&#8216; Year teilnehmen wollt. An diesem Kurs werden die hier aufgef\u00fchrten Kurse angeboten.<\/p>\n\n\n\n<figure class=\"wp-block-table\"><table><tbody><tr><td>Titel<\/td><td>Jahrgangsstufe<\/td><td>Zeit<\/td><td>freie Pl\u00e4tze<\/td><\/tr><tr><td>Quiz-Buzzer, Herzen und leuchtende H\u00e4user- Programmieren mit dem Calliope mini<\/td><td>5-6<\/td><td>9-13 Uhr<\/td><td>10<\/td><\/tr><tr><td>&nbsp;Partyspiel &#8222;hei\u00dfer Draht&#8220; selbstgemacht<\/td><td>&nbsp;7-10<\/td><td>&nbsp;9-13 Uhr<\/td><td>&nbsp;10<\/td><\/tr><tr><td>&nbsp;Experimente mit Phyphox<\/td><td>&nbsp;7-10<\/td><td>&nbsp;9-13 Uhr<\/td><td>&nbsp;10<\/td><\/tr><tr><td>&nbsp;Bauen mit Infento-Sets<\/td><td>&nbsp;7-10<\/td><td>&nbsp;9-13 Uhr<\/td><td>&nbsp;10<\/td><\/tr><\/tbody><\/table><\/figure>\n\n\n\n<h2 class=\"wp-block-heading\">Beschreibung der Kurse<\/h2>\n\n\n\n<div class=\"wp-block-group is-nowrap is-layout-flex wp-container-core-group-layout-1 wp-block-group-is-layout-flex\">\n<details class=\"wp-block-details is-layout-flow wp-block-details-is-layout-flow\"><summary><strong>Programmieren mit dem Calliope mini<\/strong><\/summary>\n<p>Der Calliope mini ist ein kleiner Computer in Sternenform, der mit bunten Bl\u00f6cken, die wie Puzzleteile ineinander passen, programmiert wird. Erst lernt ihr in diesem Modul den Calliope mini kennen und probiert seine Kn\u00f6pfe und Sensoren aus. Ihr meistert Herausforderungen wie das blinkende Herz, die Warnt\u00f6ne und die Regenbogen-LED. Noch mehr Informationen findet ihr hier: <a href=\"https:\/\/www.infosphere.rwth-aachen.de\/cms\/infosphere\/Angebote\/InfoSphere-Workshops\/~bhesck\/Workshop-Calliope\/\">https:\/\/www.infosphere.rwth-aachen.de\/cms\/infosphere\/Angebote\/InfoSphere-Workshops\/~bhesck\/Workshop-Calliope\/<\/a><\/p>\n<\/details>\n<\/div>\n\n\n\n<details class=\"wp-block-details is-layout-flow wp-block-details-is-layout-flow\"><summary><strong>Partyspiel \u201ehei\u00dfer Draht\u201c<\/strong> <strong>selbermachen<\/strong> <\/summary>\n<p>Im Partyspiel \u201ehei\u00dfer Draht\u201c brauchst du ruhige H\u00e4nde, um einen Metallring von einer Seite des Drahts zur anderen zu bewegen, ohne den Draht zu ber\u00fchren. In diesem Workshop bastelst du deinen eigenen hei\u00dfen Draht und nimmst diesen mit nach Hause! Daf\u00fcr wirst du im Workshop unter anderem L\u00f6tkolben, S\u00e4ge, Zangen und weitere Werkzeuge angeleitet verwenden.<\/p>\n<\/details>\n\n\n\n<details class=\"wp-block-details is-layout-flow wp-block-details-is-layout-flow\"><summary><strong>Experimente mit Phyphox<\/strong><\/summary>\n<p>Spannende Experimente mithilfe deines Handys durchf\u00fcren und auswerten mit der an der RWTH Aachen entwickelten Software phyphox. Lerne was dein Handy alles kann im Experimenteworkshop phyphox.<\/p>\n<\/details>\n\n\n\n<details class=\"wp-block-details is-layout-flow wp-block-details-is-layout-flow\"><summary><strong>Bauen mit Infento-Sets<\/strong><\/summary>\n<p><strong>&nbsp;<\/strong>Mit den Infento Bausets kann man verschiedene Fahrzeuge, wie einen Laufstuhl, ein Dreirad oder auch ein Roller bauen. Lass deiner Kreativit\u00e4t freien Lauf und probiere dich mit den Infento Bausets aus.<\/p>\n<\/details>\n\n\n\n<h2 class=\"wp-block-heading\">Anmeldungen<\/h2>\n\n\n\n<p>Die Anmeldung ist vorbei.<\/p>\n\n\n\n<div class=\"wp-block-cover alignfull\" style=\"min-height:499px\" id=\"nell\"><span aria-hidden=\"true\" class=\"wp-block-cover__background has-nv-light-bg-background-color has-background-dim-100 has-background-dim\"><\/span><div class=\"wp-block-cover__inner-container is-layout-flow wp-block-cover-is-layout-flow\">\n<div class=\"wp-block-group is-layout-flow wp-block-group-is-layout-flow\"><div class=\"wp-block-group__inner-container\">\n<div class=\"wp-block-columns is-layout-flex wp-container-core-columns-layout-1 wp-block-columns-is-layout-flex\">\n<div class=\"wp-block-column is-vertically-aligned-center is-layout-flow wp-block-column-is-layout-flow\" style=\"flex-basis:60%\">\n<h2 class=\"wp-block-heading has-text-align-left has-neve-text-color-color has-text-color\">Kontakt Girls&#8216; Year<\/h2>\n\n\n\n<h3 class=\"wp-block-heading has-text-align-left has-neve-text-color-color has-text-color\">Mara Niesen<\/h3>\n\n\n\n<p class=\"has-neve-text-color-color has-text-color\">Studentische Hilfskraft <br>E-Mail:\u00a0<a href=\"mailto:girls@rwth-aachen.de\">girls@rwth-aachen.de<\/a><br>Instagram: girlsyear_aachen<\/p>\n\n\n\n<div class=\"wp-block-buttons is-layout-flex wp-block-buttons-is-layout-flex\"><\/div>\n<\/div>\n\n\n\n<div class=\"wp-block-column is-vertically-aligned-bottom is-layout-flow wp-block-column-is-layout-flow\" style=\"flex-basis:40%\">\n<figure class=\"wp-block-image size-large is-resized\"><img loading=\"lazy\" decoding=\"async\" width=\"758\" height=\"1024\" src=\"https:\/\/sciphylab.de\/dev-wp-2\/wp-content\/uploads\/2024\/10\/IMG_4506-1-758x1024.jpg\" alt=\"\" class=\"wp-image-5010\" style=\"width:281px;height:auto\" srcset=\"https:\/\/sciphylab.de\/dev-wp-2\/wp-content\/uploads\/2024\/10\/IMG_4506-1-758x1024.jpg 758w, https:\/\/sciphylab.de\/dev-wp-2\/wp-content\/uploads\/2024\/10\/IMG_4506-1-222x300.jpg 222w, https:\/\/sciphylab.de\/dev-wp-2\/wp-content\/uploads\/2024\/10\/IMG_4506-1-768x1037.jpg 768w, https:\/\/sciphylab.de\/dev-wp-2\/wp-content\/uploads\/2024\/10\/IMG_4506-1-1137x1536.jpg 1137w, https:\/\/sciphylab.de\/dev-wp-2\/wp-content\/uploads\/2024\/10\/IMG_4506-1-1517x2048.jpg 1517w, https:\/\/sciphylab.de\/dev-wp-2\/wp-content\/uploads\/2024\/10\/IMG_4506-1-scaled.jpg 1896w\" sizes=\"(max-width: 758px) 100vw, 758px\" \/><\/figure>\n<\/div>\n<\/div>\n<\/div><\/div>\n<\/div><\/div>\n\n\n\n<div class=\"wp-block-cover alignfull\" style=\"min-height:517px\"><span aria-hidden=\"true\" class=\"wp-block-cover__background has-nv-light-bg-background-color has-background-dim-100 has-background-dim\"><\/span><div class=\"wp-block-cover__inner-container is-layout-flow wp-block-cover-is-layout-flow\">\n<div class=\"wp-block-group is-layout-flow wp-block-group-is-layout-flow\"><div class=\"wp-block-group__inner-container\">\n<div class=\"wp-block-columns is-layout-flex wp-container-core-columns-layout-2 wp-block-columns-is-layout-flex\">\n<div class=\"wp-block-column is-vertically-aligned-center is-layout-flow wp-block-column-is-layout-flow\" style=\"flex-basis:60%\">\n<h2 class=\"wp-block-heading has-text-align-left has-neve-text-color-color has-text-color\">Kontakt Girls&#8216; Year<\/h2>\n\n\n\n<h3 class=\"wp-block-heading has-text-align-left has-neve-text-color-color has-text-color\">Maria Hinkelmann<\/h3>\n\n\n\n<p class=\"has-neve-text-color-color has-text-color\">RWTH Aachen<br>Physikzentrum <br>Raum: 26C106<br>Sommerfeldstra\u00dfe 14 <br>52074 Aachen<br>Tel: +49 (0) 241 80 27226<br>E-Mail:&nbsp;<a href=\"mailto:hinkelmann@physik.rwth-aachen.de\">hinkelmann@physik.rwth-aachen.de<\/a><\/p>\n<\/div>\n\n\n\n<div class=\"wp-block-column is-vertically-aligned-bottom is-layout-flow wp-block-column-is-layout-flow\" style=\"flex-basis:40%\">\n<figure class=\"wp-block-image size-full is-resized\"><img loading=\"lazy\" decoding=\"async\" width=\"389\" height=\"454\" src=\"https:\/\/sciphylab.de\/dev-wp-2\/wp-content\/uploads\/2024\/04\/cihnj8k1.bmp\" alt=\"\" class=\"wp-image-4071\" style=\"width:263px;height:auto\" srcset=\"https:\/\/sciphylab.de\/dev-wp-2\/wp-content\/uploads\/2024\/04\/cihnj8k1.bmp 389w, https:\/\/sciphylab.de\/dev-wp-2\/wp-content\/uploads\/2024\/04\/cihnj8k1-257x300.jpg 257w\" sizes=\"(max-width: 389px) 100vw, 389px\" \/><\/figure>\n<\/div>\n<\/div>\n<\/div><\/div>\n<\/div><\/div>\n","protected":false},"excerpt":{"rendered":"<p>Wir freuen uns, dass ihr am Girls&#8216; Year teilnehmen wollt. An diesem Kurs werden die hier aufgef\u00fchrten Kurse angeboten. Titel Jahrgangsstufe Zeit freie Pl\u00e4tze Quiz-Buzzer, Herzen und leuchtende H\u00e4user- Programmieren mit dem Calliope mini 5-6 9-13 Uhr 10 &nbsp;Partyspiel &#8222;hei\u00dfer Draht&#8220; selbstgemacht &nbsp;7-10 &nbsp;9-13 Uhr &nbsp;10 &nbsp;Experimente mit Phyphox &nbsp;7-10 &nbsp;9-13 Uhr &nbsp;10 &nbsp;Bauen mit&hellip;&nbsp;<a href=\"https:\/\/sciphylab.de\/dev-wp-2\/girls-year-am-01-07-2025-2\/\" class=\"\" rel=\"bookmark\">Weiterlesen &raquo;<span class=\"screen-reader-text\">Girls&#8216; Year am 30.10.2025<\/span><\/a><\/p>\n","protected":false},"author":16,"featured_media":0,"parent":0,"menu_order":0,"comment_status":"closed","ping_status":"closed","template":"","meta":{"neve_meta_sidebar":"","neve_meta_container":"","neve_meta_enable_content_width":"off","neve_meta_content_width":100,"neve_meta_title_alignment":"","neve_meta_author_avatar":"","neve_post_elements_order":"","neve_meta_disable_header":"","neve_meta_disable_footer":"","neve_meta_disable_title":"","footnotes":""},"_links":{"self":[{"href":"https:\/\/sciphylab.de\/dev-wp-2\/wp-json\/wp\/v2\/pages\/5044"}],"collection":[{"href":"https:\/\/sciphylab.de\/dev-wp-2\/wp-json\/wp\/v2\/pages"}],"about":[{"href":"https:\/\/sciphylab.de\/dev-wp-2\/wp-json\/wp\/v2\/types\/page"}],"author":[{"embeddable":true,"href":"https:\/\/sciphylab.de\/dev-wp-2\/wp-json\/wp\/v2\/users\/16"}],"replies":[{"embeddable":true,"href":"https:\/\/sciphylab.de\/dev-wp-2\/wp-json\/wp\/v2\/comments?post=5044"}],"version-history":[{"count":9,"href":"https:\/\/sciphylab.de\/dev-wp-2\/wp-json\/wp\/v2\/pages\/5044\/revisions"}],"predecessor-version":[{"id":5744,"href":"https:\/\/sciphylab.de\/dev-wp-2\/wp-json\/wp\/v2\/pages\/5044\/revisions\/5744"}],"wp:attachment":[{"href":"https:\/\/sciphylab.de\/dev-wp-2\/wp-json\/wp\/v2\/media?parent=5044"}],"curies":[{"name":"wp","href":"https:\/\/api.w.org\/{rel}","templated":true}]}}