{"id":502,"date":"2022-04-04T14:45:41","date_gmt":"2022-04-04T12:45:41","guid":{"rendered":"https:\/\/sciphylab.de\/dev-wp-2\/?page_id=502"},"modified":"2026-02-24T11:38:09","modified_gmt":"2026-02-24T10:38:09","slug":"datenspeicher-der-zukunft","status":"publish","type":"page","link":"https:\/\/sciphylab.de\/dev-wp-2\/schuelerlabor\/datenspeicher-der-zukunft\/","title":{"rendered":"Datenspeicher der Zukunft"},"content":{"rendered":"\n<p>Was sind Daten und wie werden sie gespeichert? Wie speichert man mehr und mehr Informationen auf immer kleinerem Raum? Gibt es Grenzen? Und wenn ja, wie weit sind wir davon entfernt? Spielerisch erarbeitet sich die Klasse die Antworten auf diese Fragen.<br>Anschlie\u00dfend bilden die Sch\u00fclerinnen und Sch\u00fcler eine Forschungsgruppe, die gemeinsam die physikalischen Grundlagen einer neuartigen Speichertechnologie erforscht. Dabei experimentieren sie selbstst\u00e4ndig und arbeitsteilig in Kleingruppen von 3-8 SuS.<\/p>\n\n\n\n<p><strong>Dauer:<\/strong> 6 Stunden<br><strong>Ort:<\/strong> RWTH Aachen \u2013 I. Physikalisches Institut IA<br><strong>Teilnehmende:<\/strong>\u00a0maximal 30<br><strong>Geeignet f\u00fcr:<\/strong>\u00a09. und 10. Klasse<br><strong>Studien- und Berufsfelder:<\/strong> Physik, Chemie, Elektrotechnik<\/p>\n\n\n\n<div class=\"wp-block-cover alignfull\" style=\"min-height:400px\" id=\"nell\"><span aria-hidden=\"true\" class=\"wp-block-cover__background has-nv-light-bg-background-color has-background-dim-100 has-background-dim\"><\/span><div class=\"wp-block-cover__inner-container is-layout-flow wp-block-cover-is-layout-flow\">\n<div class=\"wp-block-group is-layout-flow wp-block-group-is-layout-flow\"><div class=\"wp-block-group__inner-container\">\n<div class=\"wp-block-columns is-layout-flex wp-container-core-columns-layout-1 wp-block-columns-is-layout-flex\">\n<div class=\"wp-block-column is-vertically-aligned-center is-layout-flow wp-block-column-is-layout-flow\" style=\"flex-basis:60%\">\n<h2 class=\"wp-block-heading has-text-align-left has-neve-text-color-color has-text-color\">Kontakt Lernlabor<\/h2>\n\n\n\n<h3 class=\"wp-block-heading has-text-align-left has-neve-text-color-color has-text-color\">Gina Goffart<\/h3>\n\n\n\n<p class=\"has-neve-text-color-color has-text-color\">RWTH Aachen<br>Physikzentrum <br>Sommerfeldstra\u00dfe 14 <br>52074 Aachen<br>Tel: +49 (0) 241 80 27229<br>E-Mail:&nbsp;<a href=\"mailto:kontakt@sciphylab.de\">kontakt@sciphylab.de<\/a><\/p>\n\n\n\n<div class=\"wp-block-buttons is-layout-flex wp-block-buttons-is-layout-flex\">\n<div class=\"wp-block-button is-style-secondary\"><a class=\"wp-block-button__link wp-element-button\" href=\"https:\/\/sciphylab.de\/dev-wp-2\/schuelerlabor\/\">Lernlabor SCIphyLAB<\/a><\/div>\n\n\n\n<div class=\"wp-block-button is-style-default\"><a class=\"wp-block-button__link wp-element-button\" href=\"https:\/\/sciphylab.de\/dev-wp-2\/anfahrt\/\">Anfahrt<\/a><\/div>\n<\/div>\n<\/div>\n\n\n\n<div class=\"wp-block-column is-vertically-aligned-bottom is-layout-flow wp-block-column-is-layout-flow\" style=\"flex-basis:40%\"><div class=\"wp-block-image is-resized is-style-default\">\n<figure class=\"aligncenter size-medium\"><img loading=\"lazy\" decoding=\"async\" width=\"195\" height=\"300\" src=\"https:\/\/sciphylab.de\/dev-wp-2\/wp-content\/uploads\/2025\/04\/GoffartGina-195x300.jpg\" alt=\"\" class=\"wp-image-5376\" srcset=\"https:\/\/sciphylab.de\/dev-wp-2\/wp-content\/uploads\/2025\/04\/GoffartGina-195x300.jpg 195w, https:\/\/sciphylab.de\/dev-wp-2\/wp-content\/uploads\/2025\/04\/GoffartGina-664x1024.jpg 664w, https:\/\/sciphylab.de\/dev-wp-2\/wp-content\/uploads\/2025\/04\/GoffartGina-768x1184.jpg 768w, https:\/\/sciphylab.de\/dev-wp-2\/wp-content\/uploads\/2025\/04\/GoffartGina.jpg 773w\" sizes=\"(max-width: 195px) 100vw, 195px\" \/><\/figure><\/div><\/div>\n<\/div>\n<\/div><\/div>\n<\/div><\/div>\n","protected":false},"excerpt":{"rendered":"<p>Was sind Daten und wie werden sie gespeichert? Wie speichert man mehr und mehr Informationen auf immer kleinerem Raum? Gibt es Grenzen? Und wenn ja, wie weit sind wir davon entfernt? Spielerisch erarbeitet sich die Klasse die Antworten auf diese Fragen.Anschlie\u00dfend bilden die Sch\u00fclerinnen und Sch\u00fcler eine Forschungsgruppe, die gemeinsam die physikalischen Grundlagen einer neuartigen&hellip;&nbsp;<a href=\"https:\/\/sciphylab.de\/dev-wp-2\/schuelerlabor\/datenspeicher-der-zukunft\/\" class=\"\" rel=\"bookmark\">Weiterlesen &raquo;<span class=\"screen-reader-text\">Datenspeicher der Zukunft<\/span><\/a><\/p>\n","protected":false},"author":4,"featured_media":2414,"parent":68,"menu_order":0,"comment_status":"closed","ping_status":"closed","template":"","meta":{"neve_meta_sidebar":"","neve_meta_container":"","neve_meta_enable_content_width":"on","neve_meta_content_width":100,"neve_meta_title_alignment":"","neve_meta_author_avatar":"","neve_post_elements_order":"","neve_meta_disable_header":"off","neve_meta_disable_footer":"","neve_meta_disable_title":"off","footnotes":""},"_links":{"self":[{"href":"https:\/\/sciphylab.de\/dev-wp-2\/wp-json\/wp\/v2\/pages\/502"}],"collection":[{"href":"https:\/\/sciphylab.de\/dev-wp-2\/wp-json\/wp\/v2\/pages"}],"about":[{"href":"https:\/\/sciphylab.de\/dev-wp-2\/wp-json\/wp\/v2\/types\/page"}],"author":[{"embeddable":true,"href":"https:\/\/sciphylab.de\/dev-wp-2\/wp-json\/wp\/v2\/users\/4"}],"replies":[{"embeddable":true,"href":"https:\/\/sciphylab.de\/dev-wp-2\/wp-json\/wp\/v2\/comments?post=502"}],"version-history":[{"count":58,"href":"https:\/\/sciphylab.de\/dev-wp-2\/wp-json\/wp\/v2\/pages\/502\/revisions"}],"predecessor-version":[{"id":5958,"href":"https:\/\/sciphylab.de\/dev-wp-2\/wp-json\/wp\/v2\/pages\/502\/revisions\/5958"}],"up":[{"embeddable":true,"href":"https:\/\/sciphylab.de\/dev-wp-2\/wp-json\/wp\/v2\/pages\/68"}],"wp:featuredmedia":[{"embeddable":true,"href":"https:\/\/sciphylab.de\/dev-wp-2\/wp-json\/wp\/v2\/media\/2414"}],"wp:attachment":[{"href":"https:\/\/sciphylab.de\/dev-wp-2\/wp-json\/wp\/v2\/media?parent=502"}],"curies":[{"name":"wp","href":"https:\/\/api.w.org\/{rel}","templated":true}]}}