{"id":269,"date":"2022-04-03T22:28:06","date_gmt":"2022-04-03T20:28:06","guid":{"rendered":"https:\/\/sciphylab.de\/dev-wp-2\/?page_id=269"},"modified":"2026-02-24T11:37:43","modified_gmt":"2026-02-24T10:37:43","slug":"einblicke-in-die-nanowelt","status":"publish","type":"page","link":"https:\/\/sciphylab.de\/dev-wp-2\/schuelerlabor\/einblicke-in-die-nanowelt\/","title":{"rendered":"Einblicke in die Nanowelt"},"content":{"rendered":"\n<p>Das Modul zum Thema Nanowelt bietet euch spannende Experimentierm\u00f6glichkeiten rund um das Thema kleiner und kleinster Gr\u00f6\u00dfenordnungen. Hier k\u00f6nnt ihr u.a. eine neue Sicht auf Seifenblasen bekommen, indem ihr die Dicke ihrer Haut bestimmt. Ihr lernt kennen, was sich Regenjacken von der Natur abschauen und bastelt euch einen eigenen Taschenw\u00e4rmer und erkundet das Funktionsprinzip hinter diesem.<\/p>\n\n\n\n<div class=\"wp-block-columns is-layout-flex wp-container-core-columns-layout-1 wp-block-columns-is-layout-flex\">\n<div class=\"wp-block-column is-layout-flow wp-block-column-is-layout-flow\">\n<figure class=\"wp-block-image size-large\"><img loading=\"lazy\" decoding=\"async\" width=\"2212\" height=\"1474\" src=\"https:\/\/sciphylab.de\/dev-wp-2\/wp-content\/uploads\/2022\/05\/nanowelt3-edited.png\" alt=\"\" class=\"wp-image-2397\" srcset=\"https:\/\/sciphylab.de\/dev-wp-2\/wp-content\/uploads\/2022\/05\/nanowelt3-edited.png 2212w, https:\/\/sciphylab.de\/dev-wp-2\/wp-content\/uploads\/2022\/05\/nanowelt3-edited-300x200.png 300w, https:\/\/sciphylab.de\/dev-wp-2\/wp-content\/uploads\/2022\/05\/nanowelt3-edited-1024x682.png 1024w, https:\/\/sciphylab.de\/dev-wp-2\/wp-content\/uploads\/2022\/05\/nanowelt3-edited-768x512.png 768w, https:\/\/sciphylab.de\/dev-wp-2\/wp-content\/uploads\/2022\/05\/nanowelt3-edited-1536x1024.png 1536w, https:\/\/sciphylab.de\/dev-wp-2\/wp-content\/uploads\/2022\/05\/nanowelt3-edited-2048x1365.png 2048w, https:\/\/sciphylab.de\/dev-wp-2\/wp-content\/uploads\/2022\/05\/nanowelt3-edited-930x620.png 930w\" sizes=\"(max-width: 2212px) 100vw, 2212px\" \/><\/figure>\n<\/div>\n\n\n\n<div class=\"wp-block-column is-layout-flow wp-block-column-is-layout-flow\">\n<figure class=\"wp-block-image size-large\"><img loading=\"lazy\" decoding=\"async\" width=\"1342\" height=\"894\" src=\"https:\/\/sciphylab.de\/dev-wp-2\/wp-content\/uploads\/2022\/05\/SCIphyLAB_Seifenblase_2-edited-3.jpg\" alt=\"\" class=\"wp-image-2410\" srcset=\"https:\/\/sciphylab.de\/dev-wp-2\/wp-content\/uploads\/2022\/05\/SCIphyLAB_Seifenblase_2-edited-3.jpg 1342w, https:\/\/sciphylab.de\/dev-wp-2\/wp-content\/uploads\/2022\/05\/SCIphyLAB_Seifenblase_2-edited-3-300x200.jpg 300w, https:\/\/sciphylab.de\/dev-wp-2\/wp-content\/uploads\/2022\/05\/SCIphyLAB_Seifenblase_2-edited-3-1024x682.jpg 1024w, https:\/\/sciphylab.de\/dev-wp-2\/wp-content\/uploads\/2022\/05\/SCIphyLAB_Seifenblase_2-edited-3-768x512.jpg 768w, https:\/\/sciphylab.de\/dev-wp-2\/wp-content\/uploads\/2022\/05\/SCIphyLAB_Seifenblase_2-edited-3-930x620.jpg 930w\" sizes=\"(max-width: 1342px) 100vw, 1342px\" \/><\/figure>\n<\/div>\n\n\n\n<div class=\"wp-block-column is-layout-flow wp-block-column-is-layout-flow\">\n<figure class=\"wp-block-image size-large\"><img loading=\"lazy\" decoding=\"async\" width=\"2256\" height=\"1503\" src=\"https:\/\/sciphylab.de\/dev-wp-2\/wp-content\/uploads\/2022\/05\/nanowelt5-edited.png\" alt=\"\" class=\"wp-image-2399\" srcset=\"https:\/\/sciphylab.de\/dev-wp-2\/wp-content\/uploads\/2022\/05\/nanowelt5-edited.png 2256w, https:\/\/sciphylab.de\/dev-wp-2\/wp-content\/uploads\/2022\/05\/nanowelt5-edited-300x200.png 300w, https:\/\/sciphylab.de\/dev-wp-2\/wp-content\/uploads\/2022\/05\/nanowelt5-edited-1024x682.png 1024w, https:\/\/sciphylab.de\/dev-wp-2\/wp-content\/uploads\/2022\/05\/nanowelt5-edited-768x512.png 768w, https:\/\/sciphylab.de\/dev-wp-2\/wp-content\/uploads\/2022\/05\/nanowelt5-edited-1536x1023.png 1536w, https:\/\/sciphylab.de\/dev-wp-2\/wp-content\/uploads\/2022\/05\/nanowelt5-edited-2048x1364.png 2048w, https:\/\/sciphylab.de\/dev-wp-2\/wp-content\/uploads\/2022\/05\/nanowelt5-edited-930x620.png 930w\" sizes=\"(max-width: 2256px) 100vw, 2256px\" \/><\/figure>\n<\/div>\n<\/div>\n\n\n\n<p><strong>Fachliche Inhalte:<\/strong><br>Gr\u00f6\u00dfenordnungen, Lotuseffekt, Kristallwachstum, Taschenw\u00e4rmer<\/p>\n\n\n\n<p><strong>Dauer:<\/strong> 6 Stunden<br><strong>Ort:<\/strong> RWTH Aachen \u2013 I. Physikalisches Institut IA<br><strong>Teilnehmende:<\/strong> max. 32<br><strong>Geeignet f\u00fcr:<\/strong>\u00a07. bis 10. Klasse<br><strong>Studien- und Berufsfelder:<\/strong> Physik, Nanotechnik<\/p>\n\n\n\n<div class=\"wp-block-cover alignfull\" style=\"min-height:400px\" id=\"nell\"><span aria-hidden=\"true\" class=\"wp-block-cover__background has-nv-light-bg-background-color has-background-dim-100 has-background-dim\"><\/span><div class=\"wp-block-cover__inner-container is-layout-flow wp-block-cover-is-layout-flow\">\n<div class=\"wp-block-group is-layout-flow wp-block-group-is-layout-flow\"><div class=\"wp-block-group__inner-container\">\n<div class=\"wp-block-columns is-layout-flex wp-container-core-columns-layout-2 wp-block-columns-is-layout-flex\">\n<div class=\"wp-block-column is-vertically-aligned-center is-layout-flow wp-block-column-is-layout-flow\" style=\"flex-basis:60%\">\n<h2 class=\"wp-block-heading has-text-align-left has-neve-text-color-color has-text-color\">Kontakt Lernlabor<\/h2>\n\n\n\n<h3 class=\"wp-block-heading has-text-align-left has-neve-text-color-color has-text-color\">Gina Goffart<\/h3>\n\n\n\n<p class=\"has-neve-text-color-color has-text-color\">RWTH Aachen<br>Physikzentrum <br>Sommerfeldstra\u00dfe 14 <br>52074 Aachen<br>Tel: +49 (0) 241 80 27229<br>E-Mail:&nbsp;<a href=\"mailto:kontakt@sciphylab.de\">kontakt@sciphylab.de<\/a><\/p>\n\n\n\n<div class=\"wp-block-buttons is-layout-flex wp-block-buttons-is-layout-flex\">\n<div class=\"wp-block-button is-style-secondary\"><a class=\"wp-block-button__link wp-element-button\" href=\"https:\/\/sciphylab.de\/dev-wp-2\/schuelerlabor\/\">Lernlabor SCIphyLAB<\/a><\/div>\n\n\n\n<div class=\"wp-block-button is-style-default\"><a class=\"wp-block-button__link wp-element-button\" href=\"https:\/\/sciphylab.de\/dev-wp-2\/anfahrt\/\">Anfahrt<\/a><\/div>\n<\/div>\n<\/div>\n\n\n\n<div class=\"wp-block-column is-vertically-aligned-bottom is-layout-flow wp-block-column-is-layout-flow\" style=\"flex-basis:40%\"><div class=\"wp-block-image is-resized is-style-default\">\n<figure class=\"aligncenter size-medium\"><img loading=\"lazy\" decoding=\"async\" width=\"195\" height=\"300\" src=\"https:\/\/sciphylab.de\/dev-wp-2\/wp-content\/uploads\/2025\/04\/GoffartGina-195x300.jpg\" alt=\"\" class=\"wp-image-5376\" srcset=\"https:\/\/sciphylab.de\/dev-wp-2\/wp-content\/uploads\/2025\/04\/GoffartGina-195x300.jpg 195w, https:\/\/sciphylab.de\/dev-wp-2\/wp-content\/uploads\/2025\/04\/GoffartGina-664x1024.jpg 664w, https:\/\/sciphylab.de\/dev-wp-2\/wp-content\/uploads\/2025\/04\/GoffartGina-768x1184.jpg 768w, https:\/\/sciphylab.de\/dev-wp-2\/wp-content\/uploads\/2025\/04\/GoffartGina.jpg 773w\" sizes=\"(max-width: 195px) 100vw, 195px\" \/><\/figure><\/div><\/div>\n<\/div>\n<\/div><\/div>\n<\/div><\/div>\n","protected":false},"excerpt":{"rendered":"<p>Das Modul zum Thema Nanowelt bietet euch spannende Experimentierm\u00f6glichkeiten rund um das Thema kleiner und kleinster Gr\u00f6\u00dfenordnungen. Hier k\u00f6nnt ihr u.a. eine neue Sicht auf Seifenblasen bekommen, indem ihr die Dicke ihrer Haut bestimmt. Ihr lernt kennen, was sich Regenjacken von der Natur abschauen und bastelt euch einen eigenen Taschenw\u00e4rmer und erkundet das Funktionsprinzip hinter&hellip;&nbsp;<a href=\"https:\/\/sciphylab.de\/dev-wp-2\/schuelerlabor\/einblicke-in-die-nanowelt\/\" class=\"\" rel=\"bookmark\">Weiterlesen &raquo;<span class=\"screen-reader-text\">Einblicke in die Nanowelt<\/span><\/a><\/p>\n","protected":false},"author":4,"featured_media":2399,"parent":68,"menu_order":0,"comment_status":"closed","ping_status":"closed","template":"","meta":{"neve_meta_sidebar":"default","neve_meta_container":"","neve_meta_enable_content_width":"on","neve_meta_content_width":100,"neve_meta_title_alignment":"left","neve_meta_author_avatar":"","neve_post_elements_order":"","neve_meta_disable_header":"","neve_meta_disable_footer":"","neve_meta_disable_title":"off","footnotes":""},"_links":{"self":[{"href":"https:\/\/sciphylab.de\/dev-wp-2\/wp-json\/wp\/v2\/pages\/269"}],"collection":[{"href":"https:\/\/sciphylab.de\/dev-wp-2\/wp-json\/wp\/v2\/pages"}],"about":[{"href":"https:\/\/sciphylab.de\/dev-wp-2\/wp-json\/wp\/v2\/types\/page"}],"author":[{"embeddable":true,"href":"https:\/\/sciphylab.de\/dev-wp-2\/wp-json\/wp\/v2\/users\/4"}],"replies":[{"embeddable":true,"href":"https:\/\/sciphylab.de\/dev-wp-2\/wp-json\/wp\/v2\/comments?post=269"}],"version-history":[{"count":35,"href":"https:\/\/sciphylab.de\/dev-wp-2\/wp-json\/wp\/v2\/pages\/269\/revisions"}],"predecessor-version":[{"id":5957,"href":"https:\/\/sciphylab.de\/dev-wp-2\/wp-json\/wp\/v2\/pages\/269\/revisions\/5957"}],"up":[{"embeddable":true,"href":"https:\/\/sciphylab.de\/dev-wp-2\/wp-json\/wp\/v2\/pages\/68"}],"wp:featuredmedia":[{"embeddable":true,"href":"https:\/\/sciphylab.de\/dev-wp-2\/wp-json\/wp\/v2\/media\/2399"}],"wp:attachment":[{"href":"https:\/\/sciphylab.de\/dev-wp-2\/wp-json\/wp\/v2\/media?parent=269"}],"curies":[{"name":"wp","href":"https:\/\/api.w.org\/{rel}","templated":true}]}}